{"id":5834,"date":"2025-06-23T14:21:33","date_gmt":"2025-06-23T07:21:33","guid":{"rendered":"https:\/\/atnewtech.vn\/lavabo-composite-atnewtech-%d8%ad%d9%88%d8%b6-%d8%ba%d8%b3%d9%8a%d9%84-%d9%85%d8%aa%d9%8a%d9%86-%d9%88%d8%a3%d9%86%d9%8a%d9%82-%d9%84%d9%83%d9%84-%d8%a7%d9%84%d9%85%d8%b4%d8%a7%d8%b1%d9%8a%d8%b9\/"},"modified":"2025-08-08T15:35:23","modified_gmt":"2025-08-08T08:35:23","slug":"lavabo-composite-atnewtech-%d8%ad%d9%88%d8%b6-%d8%ba%d8%b3%d9%8a%d9%84-%d9%85%d8%aa%d9%8a%d9%86-%d9%88%d8%a3%d9%86%d9%8a%d9%82-%d9%84%d9%83%d9%84-%d8%a7%d9%84%d9%85%d8%b4%d8%a7%d8%b1%d9%8a%d8%b9","status":"publish","type":"product","link":"https:\/\/atnewtech.vn\/ar\/lavabo-composite-atnewtech-%d8%ad%d9%88%d8%b6-%d8%ba%d8%b3%d9%8a%d9%84-%d9%85%d8%aa%d9%8a%d9%86-%d9%88%d8%a3%d9%86%d9%8a%d9%82-%d9%84%d9%83%d9%84-%d8%a7%d9%84%d9%85%d8%b4%d8%a7%d8%b1%d9%8a%d8%b9\/","title":{"rendered":"Lavabo Composite ATNewtech: \u062d\u0648\u0636 \u063a\u0633\u064a\u0644 \u0645\u062a\u064a\u0646 \u0648\u0623\u0646\u064a\u0642 \u0644\u0643\u0644 \u0627\u0644\u0645\u0634\u0627\u0631\u064a\u0639"},"content":{"rendered":"<p>\u0641\u064a \u062a\u0635\u0645\u064a\u0645 \u0627\u0644\u062d\u0645\u0627\u0645\u0627\u062a \u0648\u062f\u0648\u0631\u0627\u062a \u0627\u0644\u0645\u064a\u0627\u0647 \u0627\u0644\u062d\u062f\u064a\u062b\u0629\u060c l<strong>avabo<\/strong> (\u062d\u0648\u0636 \u063a\u0633\u064a\u0644 \u0627\u0644\u0648\u062c\u0647) \u0644\u064a\u0633 \u0645\u062c\u0631\u062f \u0623\u062f\u0627\u0629 \u0635\u062d\u064a\u0629\u060c \u0628\u0644 \u0647\u0648 \u0623\u064a\u0636\u064b\u0627 \u0639\u0646\u0635\u0631 \u062c\u0645\u0627\u0644\u064a \u064a\u0639\u0643\u0633 \u0627\u0644\u0630\u0648\u0642 \u0627\u0644\u0631\u0641\u064a\u0639 \u0648\u0627\u0644\u0645\u0639\u0627\u0635\u0631. \u0648\u0645\u0639 \u0627\u0644\u0627\u062a\u062c\u0627\u0647 \u0644\u0627\u0633\u062a\u062e\u062f\u0627\u0645 \u0645\u0648\u0627\u062f \u0645\u062a\u064a\u0646\u0629\u060c \u062e\u0641\u064a\u0641\u0629\u060c \u0622\u0645\u0646\u0629 \u0648\u0635\u062f\u064a\u0642\u0629 \u0644\u0644\u0628\u064a\u0626\u0629\u060c \u0641\u0625\u0646 <strong>lavabo composite \u0645\u0646 \u0639\u0644\u0627\u0645\u0629 ATNewtech<\/strong> \u0627\u0644\u062a\u064a \u062a\u0646\u062a\u062c\u0647\u0627 <strong>\u0634\u0631\u0643\u0629 \u0623\u0646 \u062a\u00e2m \u0644\u0644\u062a\u0643\u0646\u0648\u0644\u0648\u062c\u064a\u0627 \u0627\u0644\u062d\u062f\u064a\u062b\u0629 \u0627\u0644\u0645\u062d\u062f\u0648\u062f\u0629<\/strong> \u0647\u0648 \u0627\u0644\u062e\u064a\u0627\u0631 \u0627\u0644\u0645\u062b\u0627\u0644\u064a \u0644\u062c\u0645\u064a\u0639 \u0627\u0644\u0645\u0634\u0627\u0631\u064a\u0639 \u0627\u0644\u0633\u0643\u0646\u064a\u0629 \u0648\u0627\u0644\u0641\u0646\u0627\u062f\u0642 \u0648\u0627\u0644\u0645\u0646\u062a\u062c\u0639\u0627\u062a \u0627\u0644\u0631\u0627\u0642\u064a\u0629. <\/p>\n<h2>\u0644\u0645\u0627\u0630\u0627 \u064a\u0632\u062f\u0627\u062f \u0627\u0644\u0625\u0642\u0628\u0627\u0644 \u0639\u0644\u0649 lavabo composite ATNewtech\u061f<\/h2>\n<h3>\u0661. \u0645\u0627\u062f\u0629 \u0627\u0644\u0643\u0648\u0645\u0628\u0648\u0632\u064a\u062a \u2013 \u0645\u062a\u0627\u0646\u0629 \u062a\u062f\u0648\u0645 \u0637\u0648\u064a\u0644\u0627\u064b<\/h3>\n<p><strong>Lavabo ATNewtech<\/strong> \u0645\u0635\u0646\u0648\u0639 \u0645\u0646 <strong>\u0645\u0627\u062f\u0629 \u0627\u0644\u0643\u0648\u0645\u0628\u0648\u0632\u064a\u062a \u0627\u0644\u0645\u062f\u0639\u0645\u0629 \u0628\u0627\u0644\u0623\u0644\u064a\u0627\u0641 \u0627\u0644\u0632\u062c\u0627\u062c\u064a\u0629 (FRP)<\/strong>\u060c \u0648\u0647\u064a \u0645\u0627\u062f\u0629 \u0639\u0627\u0644\u064a\u0629 \u0627\u0644\u062c\u0648\u062f\u0629 \u062a\u064f\u0633\u062a\u062e\u062f\u0645 \u0641\u064a \u0635\u0646\u0627\u0639\u0627\u062a \u0645\u062b\u0644 \u0627\u0644\u0633\u0641\u0646 \u0648\u0627\u0644\u0637\u064a\u0631\u0627\u0646 \u0648\u0627\u0644\u0628\u0646\u0627\u0621 \u0627\u0644\u062d\u062f\u064a\u062b. \u0628\u0641\u0636\u0644 \u062e\u0635\u0627\u0626\u0635\u0647\u0627 \u0627\u0644\u0645\u0645\u062a\u0627\u0632\u0629\u060c \u064a\u0648\u0641\u0631 (lavabo composite) \u0627\u0644\u0639\u062f\u064a\u062f \u0645\u0646 \u0627\u0644\u0641\u0648\u0627\u0626\u062f: <\/p>\n<ul>\n<li><strong>\u062a\u062d\u0645\u0644 \u0639\u0627\u0644\u064a<\/strong>: \u0644\u0627 \u064a\u062a\u0634\u0642\u0642 \u0623\u0648 \u064a\u0644\u062a\u0648\u064a \u0645\u062b\u0644 \u0627\u0644\u0623\u062d\u0648\u0627\u0636 \u0627\u0644\u062e\u0632\u0641\u064a\u0629 \u0627\u0644\u062a\u0642\u0644\u064a\u062f\u064a\u0629.<\/li>\n<li><strong>\u0645\u0642\u0627\u0648\u0645 \u0644\u0644\u0645\u0627\u0621 \u062a\u0645\u0627\u0645\u0627\u064b<\/strong>: \u0645\u0646\u0627\u0633\u0628 \u0644\u0644\u0645\u0646\u0627\u062e \u0627\u0644\u062d\u0627\u0631 \u0648\u0627\u0644\u0631\u0637\u0628 \u0641\u064a \u0641\u064a\u062a\u0646\u0627\u0645.<\/li>\n<li><strong>\u0645\u0642\u0627\u0648\u0645 \u0644\u0644\u062a\u0622\u0643\u0644 \u0627\u0644\u0643\u064a\u0645\u064a\u0627\u0626\u064a<\/strong>: \u0644\u0627 \u064a\u062a\u0644\u0637\u062e \u0628\u0627\u0644\u0635\u0627\u0628\u0648\u0646 \u0623\u0648 \u0633\u0648\u0627\u0626\u0644 \u0627\u0644\u062a\u0646\u0638\u064a\u0641.<\/li>\n<li><strong>\u062e\u0641\u064a\u0641 \u0644\u0644\u063a\u0627\u064a\u0629<\/strong>: \u0633\u0647\u0644 \u0627\u0644\u0646\u0642\u0644 \u0648\u0627\u0644\u062a\u0631\u0643\u064a\u0628.<\/li>\n<\/ul>\n<h3>2. \u062a\u0635\u0645\u064a\u0645 \u0628\u0633\u064a\u0637 \u0648\u0623\u0646\u064a\u0642<\/h3>\n<p>(\u064a\u062a\u0645\u064a\u0632 (Lavabo composite ATNewtech \u0628\u062a\u0635\u0645\u064a\u0645 \u0628\u0633\u064a\u0637 \u0648\u0639\u0635\u0631\u064a \u064a\u0646\u0633\u062c\u0645 \u0628\u0633\u0647\u0648\u0644\u0629 \u0645\u0639 \u0645\u062e\u062a\u0644\u0641 \u0627\u0644\u0623\u0633\u0627\u0644\u064a\u0628 \u0627\u0644\u0645\u0639\u0645\u0627\u0631\u064a\u0629. \u0643\u0645\u0627 \u064a\u0645\u0643\u0646 \u062f\u0645\u062c\u0647 \u0628\u0634\u0643\u0644 \u0645\u062b\u0627\u0644\u064a \u0645\u0639 <strong>\u062e\u0632\u0627\u0646\u0629 \u062d\u0648\u0636 \u063a\u0633\u064a\u0644)\u060c \u0645\u0645\u0627 \u064a\u062e\u0644\u0642 \u0645\u0633\u0627\u062d\u0629 \u0641\u0627\u062e\u0631\u0629 \u0648\u0639\u0645\u0644\u064a\u0629.<\/strong> <\/p>\n<ul>\n<li><strong>\u0633\u0637\u062d \u0646\u0627\u0639\u0645<\/strong>: \u0633\u0647\u0644 \u0627\u0644\u062a\u0646\u0638\u064a\u0641\u060c \u0644\u0627 \u064a\u0644\u062a\u0635\u0642 \u0628\u0627\u0644\u0623\u0648\u0633\u0627\u062e\u060c \u0648\u064a\u0648\u0641\u0631 \u0648\u0642\u062a \u0627\u0644\u062a\u0646\u0638\u064a\u0641.<\/li>\n<li><strong>\u0623\u0644\u0648\u0627\u0646 \u0623\u0646\u064a\u0642\u0629<\/strong>: \u064a\u0645\u0643\u0646 \u062a\u062e\u0635\u064a\u0635\u0647\u0627 \u062d\u0633\u0628 \u0637\u0644\u0628 \u0627\u0644\u062a\u0635\u0645\u064a\u0645\u060c \u0644\u062a\u062a\u0646\u0627\u0633\u0628 \u0645\u0639 \u0623\u0646\u0645\u0627\u0637 \u0627\u0644\u062f\u064a\u0643\u0648\u0631 \u0627\u0644\u0645\u062e\u062a\u0644\u0641\u0629.<\/li>\n<li><strong>\u0623\u062d\u062c\u0627\u0645 \u0645\u062a\u0646\u0648\u0639\u0629<\/strong>: \u0645\u0646 \u062d\u0648\u0636 \u062a\u062d\u062a \u0627\u0644\u0631\u062e\u0627\u0645 \u0625\u0644\u0649 \u062d\u0648\u0636 \u0641\u0648\u0642 \u0627\u0644\u0631\u062e\u0627\u0645 \u0648\u062d\u0648\u0636 \u0645\u064f\u0639\u0644\u0642 \u0639\u0644\u0649 \u0627\u0644\u062d\u0627\u0626\u0637\u060c \u0644\u062a\u0644\u0628\u064a\u0629 \u0627\u062d\u062a\u064a\u0627\u062c\u0627\u062a \u062c\u0645\u064a\u0639 \u0623\u0646\u0648\u0627\u0639 \u0627\u0644\u0645\u0634\u0627\u0631\u064a\u0639.<\/li>\n<\/ul>\n<h3>3. \u062e\u064a\u0627\u0631 \u0622\u0645\u0646 \u0644\u0644\u0635\u062d\u0629 \u0648\u0627\u0644\u0628\u064a\u0626\u0629<\/h3>\n<p>\u064a\u062a\u0645 \u062a\u0635\u0646\u064a\u0639 \u0627\u0644\u0645\u0646\u062a\u062c \u0648\u0641\u0642 \u0639\u0645\u0644\u064a\u0629 \u0625\u0646\u062a\u0627\u062c \u0645\u063a\u0644\u0642\u0629 \u0628\u062f\u0648\u0646 \u0627\u0646\u0628\u0639\u0627\u062b\u0627\u062a\u060c \u0648\u0644\u0627 \u062a\u0633\u062a\u062e\u062f\u0645 \u0641\u064a\u0647 \u0627\u0644\u0645\u0648\u0627\u062f \u0627\u0644\u0643\u064a\u0645\u064a\u0627\u0626\u064a\u0629 \u0627\u0644\u0636\u0627\u0631\u0629\u060c \u0645\u0645\u0627 \u064a\u062c\u0639\u0644\u0647 \u0622\u0645\u0646\u0627\u064b \u0644\u0644\u0628\u064a\u0626\u0629 \u0648\u0635\u062d\u0629 \u0627\u0644\u0645\u0633\u062a\u062e\u062f\u0645\u064a\u0646. \u0645\u0627\u062f\u0629 \u0627\u0644\u0640 Composite \u0627\u0644\u0645\u0633\u062a\u062e\u062f\u0645\u0629 \u0645\u0646 ATNewtech \u0644\u0627 \u062a\u0637\u0644\u0642 \u063a\u0627\u0632\u0627\u062a VOC\u060c \u0644\u0630\u0627 \u0641\u0647\u064a \u0622\u0645\u0646\u0629 \u062a\u0645\u0627\u0645\u0627\u064b \u0644\u0644\u0623\u0637\u0641\u0627\u0644\u060c \u0648\u0643\u0628\u0627\u0631 \u0627\u0644\u0633\u0646\u060c \u0648\u0630\u0648\u064a \u0627\u0644\u0628\u0634\u0631\u0629 \u0627\u0644\u062d\u0633\u0627\u0633\u0629. <\/p>\n<h3>4. \u062d\u0644 \u0627\u0642\u062a\u0635\u0627\u062f\u064a \u0648\u0637\u0648\u064a\u0644 \u0627\u0644\u0623\u0645\u062f<\/h3>\n<p>\u0628\u0627\u0644\u0645\u0642\u0627\u0631\u0646\u0629 \u0645\u0639 \u0623\u0646\u0648\u0627\u0639 (lavabo) \u0627\u0644\u0645\u0635\u0646\u0648\u0639\u0629 \u0645\u0646 \u0627\u0644\u062e\u0632\u0641 \u0623\u0648 \u0627\u0644\u062d\u062c\u0631 \u0627\u0644\u0637\u0628\u064a\u0639\u064a\u060c \u0641\u0625\u0646 (lavabo composite ATNewtech) \u064a\u062a\u0645\u064a\u0632 \u0628\u0633\u0639\u0631 \u0645\u0646\u0627\u0633\u0628 \u0645\u0639 \u0627\u0644\u062d\u0641\u0627\u0638 \u0639\u0644\u0649 \u0627\u0644\u062c\u0648\u062f\u0629 \u0627\u0644\u0639\u0627\u0644\u064a\u0629\u060c \u0648\u0627\u0644\u062c\u0645\u0627\u0644\u060c \u0648\u0627\u0644\u0645\u062a\u0627\u0646\u0629. \u064a\u064f\u0635\u0646\u0639 \u0627\u0644\u0645\u0646\u062a\u062c \u0645\u0628\u0627\u0634\u0631\u0629\u064b \u0645\u0646 \u0642\u0628\u0644 \u0634\u0631\u0643\u0629 An T\u00e2m \u0641\u064a \u0641\u064a\u062a\u0646\u0627\u0645\u060c \u062f\u0648\u0646 \u0648\u0633\u0637\u0627\u0621\u060c \u0645\u0645\u0627 \u064a\u0642\u0644\u0644 \u0627\u0644\u062a\u0643\u0644\u0641\u0629 \u0639\u0644\u0649 \u0627\u0644\u0639\u0645\u0644\u0627\u0621 \u0648\u0627\u0644\u0645\u0642\u0627\u0648\u0644\u064a\u0646. <\/p>\n<h2>\u0645\u0646\u0627\u0633\u0628 \u0644\u0644\u0627\u0633\u062a\u062e\u062f\u0627\u0645 \u0641\u064a \u0627\u0644\u0639\u062f\u064a\u062f \u0645\u0646 \u0627\u0644\u0645\u0634\u0627\u0631\u064a\u0639<\/h2>\n<p>Lavabo composite ATNewtech \u0647\u0648 \u0627\u0644\u062e\u064a\u0627\u0631 \u0627\u0644\u0645\u062b\u0627\u0644\u064a \u0644\u0644\u0639\u062f\u064a\u062f \u0645\u0646 \u0623\u0646\u0648\u0627\u0639 \u0627\u0644\u0645\u0634\u0627\u0631\u064a\u0639\u060c \u0628\u0645\u0627 \u0641\u064a \u0630\u0644\u0643:<\/p>\n<ul>\n<li><strong>\u0627\u0644\u0645\u0646\u0627\u0632\u0644 \u0627\u0644\u0633\u0643\u0646\u064a\u0629<\/strong>: \u064a\u0636\u064a\u0641 \u0644\u0645\u0633\u0629 \u062c\u0645\u0627\u0644\u064a\u0629 \u0625\u0644\u0649 \u0645\u0633\u0627\u062d\u0629 \u0627\u0644\u0645\u0639\u064a\u0634\u0629 \u0645\u0639 [\u062e\u0632\u0627\u0646\u0629 \u062d\u0648\u0636 \u063a\u0633\u064a\u0644] \u0623\u0646\u064a\u0642\u0629.<\/li>\n<li><strong>\u0627\u0644\u0641\u0646\u0627\u062f\u0642\u060c \u0627\u0644\u0645\u0646\u062a\u062c\u0639\u0627\u062a\u060c \u0627\u0644\u0645\u0637\u0627\u0639\u0645<\/strong>: \u064a\u0636\u0641\u064a \u0644\u0645\u0633\u0629 \u0645\u0646 \u0627\u0644\u0641\u062e\u0627\u0645\u0629 \u0648\u0627\u0644\u062d\u062f\u0627\u062b\u0629 \u0639\u0644\u0649 \u062d\u0645\u0627\u0645\u0643.<\/li>\n<li><strong>\u0627\u0644\u0645\u0646\u062a\u062c\u0639\u0627\u062a \u0627\u0644\u0635\u062d\u064a\u0629\u060c \u0627\u0644\u0645\u0633\u062a\u0634\u0641\u064a\u0627\u062a\u060c \u0627\u0644\u0645\u062f\u0627\u0631\u0633<\/strong>: \u064a\u0636\u0645\u0646 \u0627\u0644\u0633\u0644\u0627\u0645\u0629 \u0648\u0627\u0644\u0631\u0627\u062d\u0629 \u0644\u0644\u0645\u0633\u062a\u062e\u062f\u0645\u064a\u0646.<\/li>\n<li><strong>\u0627\u0644\u0645\u0628\u0627\u0646\u064a \u0627\u0644\u0639\u0627\u0645\u0629 \u0648\u0627\u0644\u0645\u062c\u0645\u0639\u0627\u062a \u0627\u0644\u062a\u062c\u0627\u0631\u064a\u0629<\/strong>: \u064a\u0644\u0628\u064a \u0627\u062d\u062a\u064a\u0627\u062c\u0627\u062a \u0627\u0644\u0627\u0633\u062a\u062e\u062f\u0627\u0645 \u0627\u0644\u0643\u062b\u064a\u0641 \u0628\u0641\u0636\u0644 \u062a\u0635\u0645\u064a\u0645\u0647 \u0627\u0644\u0645\u062a\u064a\u0646 \u0648\u0627\u0644\u062c\u0630\u0627\u0628.<\/li>\n<\/ul>\n<h2>\u0627\u0637\u0644\u0628 \u062d\u0648\u0636 Lavabo Composite ATNewtech \u0627\u0644\u0623\u0635\u0644\u064a \u2013 \u0631\u0627\u062d\u0629 \u0627\u0644\u0628\u0627\u0644 \u0645\u0636\u0645\u0648\u0646\u0629<\/h2>\n<p>\u0628\u0641\u0636\u0644 \u0623\u0643\u062b\u0631 \u0645\u0646 10 \u0633\u0646\u0648\u0627\u062a \u0645\u0646 \u0627\u0644\u062e\u0628\u0631\u0629 \u0641\u064a \u062a\u0635\u0646\u064a\u0639 \u0645\u0646\u062a\u062c\u0627\u062a \u0627\u0644\u0643\u0648\u0645\u0628\u0648\u0632\u064a\u062a \u0639\u0627\u0644\u064a\u0629 \u0627\u0644\u062c\u0648\u062f\u0629\u060c \u062a\u062b\u0642 \u0634\u0631\u0643\u0629 An T\u00e2m \u0641\u064a \u062a\u0642\u062f\u064a\u0645 \u062d\u0644\u0648\u0644 \u0645\u0633\u062a\u062f\u0627\u0645\u0629 \u0648\u0639\u0635\u0631\u064a\u0629 \u0644\u0623\u062c\u0647\u0632\u0629 \u0627\u0644\u062d\u0645\u0627\u0645\u060c \u0622\u0645\u0646\u0629 \u0648\u0635\u062f\u064a\u0642\u0629 \u0644\u0644\u0628\u064a\u0626\u0629.<\/p>\n<h3>\u0645\u0639\u0644\u0648\u0645\u0627\u062a \u0627\u0644\u0627\u062a\u0635\u0627\u0644 \u0644\u0644\u0637\u0644\u0628<\/h3>\n<p>\u0644\u0644\u062d\u0635\u0648\u0644 \u0639\u0644\u0649 \u0627\u0633\u062a\u0634\u0627\u0631\u0629 \u0648\u0637\u0644\u0628 \u0633\u0631\u064a\u0639\u060c \u064a\u064f\u0631\u062c\u0649 \u0627\u0644\u0627\u062a\u0635\u0627\u0644:<\/p>\n<p><strong>\ud83d\udcde \u0644\u0644\u0627\u0633\u062a\u0634\u0627\u0631\u0629 \u0648\u0627\u0644\u0637\u0644\u0628 \u0627\u0644\u0633\u0631\u064a\u0639:<\/p>\n<p>\ud83d\udc49 0368.172.226 | 0834.473.166<\/p>\n<p> <\/strong><\/p>\n<p>\ud83d\udce9 <strong>\u0627\u0644\u0628\u0631\u064a\u062f \u0627\u0644\u0625\u0644\u0643\u062a\u0631\u0648\u0646\u064a<\/strong>: <a class=\"\" href=\"mailto:sales@atnewtech.vn\" target=\"_blank\" rel=\"noopener noreferrer\">sales@atnewtech.vn<\/a><br \/>\ud83c\udf10 <strong>\u0627\u0644\u0645\u0648\u0642\u0639 \u0627\u0644\u0625\u0644\u0643\u062a\u0631\u0648\u0646\u064a<\/strong>: <a class=\"\" href=\"https:\/\/atnewtech.vn\/\" target=\"_blank\" rel=\"noopener noreferrer\">https:\/\/atnewtech.vn<\/a><\/p>\n<p><div class=\"row\"  id=\"row-1090903456\"> \n\t<div id=\"col-291441455\" class=\"col medium-6 small-12 large-6\"  >\n\t\t\t\t<div class=\"col-inner\"  >\n\t\t\t\n\t\t\t \n\t\t<div class=\"icon-box featured-box icon-box-center text-center\"  >\n\t\t\t\t\t<div class=\"icon-box-img\" style=\"width: 98px\">\n\t\t\t\t<div class=\"icon\">\n\t\t\t\t\t<div class=\"icon-inner\" style=\"color:rgb(242, 220, 220);\">\n\t\t\t\t\t\t<img loading=\"lazy\" decoding=\"async\" width=\"225\" height=\"225\" src=\"https:\/\/atnewtech.vn\/wp-content\/uploads\/2025\/06\/download-2.png\" class=\"attachment-medium size-medium\" alt=\"t\u01b0 v\u1ea5n b\u1ed3n b\u1ec3 composite\" srcset=\"https:\/\/atnewtech.vn\/wp-content\/uploads\/2025\/06\/download-2.png 225w, https:\/\/atnewtech.vn\/wp-content\/uploads\/2025\/06\/download-2-150x150.png 150w, https:\/\/atnewtech.vn\/wp-content\/uploads\/2025\/06\/download-2-100x100.png 100w\" sizes=\"auto, (max-width: 225px) 100vw, 225px\" \/>\t\t\t\t\t<\/div>\n\t\t\t\t<\/div>\n\t\t\t<\/div>\n\t\t\t\t<div class=\"icon-box-text last-reset\">\n\t\t\t\t\t\t\t\t\t<\/p>\r\n<h3>T\u01b0 V\u1ea5n B\u00e1n H\u00e0ng<\/h3>\r\n<p><span style=\"font-size: 120%;\">0338.020.530 \/ 0834.473.166<\/span><\/p>\r\n<p>\t\t<\/div>\n\t<\/div>\n\t\n\t \t\t<\/div>\n\t\t\t\t\t<\/div>\n\n\t \n\t<div id=\"col-1733436642\" class=\"col medium-6 small-12 large-6\"  >\n\t\t\t\t<div class=\"col-inner\"  >\n\t\t\t\n\t\t\t \n\t\t<div class=\"icon-box featured-box icon-box-center text-center\"  >\n\t\t\t\t\t<div class=\"icon-box-img\" style=\"width: 98px\">\n\t\t\t\t<div class=\"icon\">\n\t\t\t\t\t<div class=\"icon-inner\" style=\"color:rgb(242, 220, 220);\">\n\t\t\t\t\t\t<img loading=\"lazy\" decoding=\"async\" width=\"225\" height=\"225\" src=\"https:\/\/atnewtech.vn\/wp-content\/uploads\/2025\/06\/download-1.jpeg\" class=\"attachment-medium size-medium\" alt=\"t\u01b0 v\u1ea5n b\u1ed3n b\u1ec3 composite\" srcset=\"https:\/\/atnewtech.vn\/wp-content\/uploads\/2025\/06\/download-1.jpeg 225w, https:\/\/atnewtech.vn\/wp-content\/uploads\/2025\/06\/download-1-150x150.jpeg 150w, https:\/\/atnewtech.vn\/wp-content\/uploads\/2025\/06\/download-1-100x100.jpeg 100w\" sizes=\"auto, (max-width: 225px) 100vw, 225px\" \/>\t\t\t\t\t<\/div>\n\t\t\t\t<\/div>\n\t\t\t<\/div>\n\t\t\t\t<div class=\"icon-box-text last-reset\">\n\t\t\t\t\t\t\t\t\t<\/p>\r\n<h3>H\u1ed7 Tr\u1ee3 K\u1ef9 Thu\u1eadt<\/h3>\r\n<p><span style=\"font-size: 120%;\">0368.17.22.26<\/span><\/p>\r\n<p>\t\t<\/div>\n\t<\/div>\n\t\n\t \t\t<\/div>\n\t\t\t\t\t<\/div>\n\n\t <\/div> <div class=\"row\"  id=\"row-2010406445\"> \n\t<div id=\"col-1099288677\" class=\"col medium-6 small-12 large-6\"  >\n\t\t\t\t<div class=\"col-inner\"  >\n\t\t\t\n\t\t\t <div class=\"container section-title-container\" ><h3 class=\"section-title section-title-center\"><b><\/b><span class=\"section-title-main\" style=\"font-size:121%;color:#e11625;\"><i class=\"icon-star-o\" ><\/i>T\u01b0 V\u1ea5n<\/span><b><\/b><\/h3><\/div> \n<div class=\"wpcf7 no-js\" id=\"wpcf7-f6003-o1\" lang=\"vi-VN\" dir=\"ltr\" data-wpcf7-id=\"6003\">\n<div class=\"screen-reader-response\"><p role=\"status\" aria-live=\"polite\" aria-atomic=\"true\"><\/p> <ul><\/ul><\/div>\n<form action=\"\/ar\/wp-json\/wp\/v2\/product\/5834#wpcf7-f6003-o1\" method=\"post\" class=\"wpcf7-form init\" aria-label=\"\u0646\u0645\u0648\u0630\u062c \u0627\u0644\u0627\u062a\u0635\u0627\u0644\" novalidate=\"novalidate\" data-status=\"init\">\n<fieldset class=\"hidden-fields-container\"><input type=\"hidden\" name=\"_wpcf7\" value=\"6003\" \/><input type=\"hidden\" name=\"_wpcf7_version\" value=\"6.1.2\" \/><input type=\"hidden\" name=\"_wpcf7_locale\" value=\"vi_VN\" \/><input type=\"hidden\" name=\"_wpcf7_unit_tag\" value=\"wpcf7-f6003-o1\" \/><input type=\"hidden\" name=\"_wpcf7_container_post\" value=\"0\" \/><input type=\"hidden\" name=\"_wpcf7_posted_data_hash\" value=\"\" \/>\n<\/fieldset>\n<p><span class=\"wpcf7-form-control-wrap\" data-name=\"text-363\"><input size=\"40\" maxlength=\"400\" class=\"wpcf7-form-control wpcf7-text\" aria-invalid=\"false\" value=\"H\u1ecd t\u00ean\" type=\"text\" name=\"text-363\" \/><\/span><br \/>\n<span class=\"wpcf7-form-control-wrap\" data-name=\"tel-61\"><input size=\"40\" maxlength=\"400\" class=\"wpcf7-form-control wpcf7-tel wpcf7-text wpcf7-validates-as-tel\" aria-invalid=\"false\" value=\"S\u1ed1 \u0111i\u1ec7n tho\u1ea1i\" type=\"tel\" name=\"tel-61\" \/><\/span><br \/>\n<span class=\"wpcf7-form-control-wrap\" data-name=\"text-363\"><input size=\"40\" maxlength=\"400\" class=\"wpcf7-form-control wpcf7-text\" aria-invalid=\"false\" value=\"\u0110\u1ecba ch\u1ec9\" type=\"text\" name=\"text-363\" \/><\/span><br \/>\n<span class=\"wpcf7-form-control-wrap\" data-name=\"text-363\"><input size=\"40\" maxlength=\"400\" class=\"wpcf7-form-control wpcf7-text\" aria-invalid=\"false\" value=\"S\u1ea3n ph\u1ea9m b\u00e1o gi\u00e1\" type=\"text\" name=\"text-363\" \/><\/span><br \/>\n<input class=\"wpcf7-form-control wpcf7-submit has-spinner\" type=\"submit\" value=\"B\u00e1o Gi\u00e1\" \/>\n<\/p><div class=\"wpcf7-response-output\" aria-hidden=\"true\"><\/div>\n<\/form>\n<\/div>\n \t\t<\/div>\n\t\t\t\t\t<\/div>\n\n\t \n\t<div id=\"col-1735378102\" class=\"col medium-6 small-12 large-6\"  >\n\t\t\t\t<div class=\"col-inner\"  >\n\t\t\t\n\t\t\t <div class=\"container section-title-container\" ><h3 class=\"section-title section-title-center\"><b><\/b><span class=\"section-title-main\" style=\"font-size:121%;color:rgb(230, 27, 27);\"><i class=\"icon-heart\" ><\/i>\u0110\u1ecba ch\u1ec9 v\u0103n ph\u00f2ng h\u00e0 n\u1ed9i<\/span><b><\/b><\/h3><\/div><\/p>\r\n<p><iframe loading=\"lazy\" style=\"border: 0;\" src=\"https:\/\/www.google.com\/maps\/embed?pb=!1m14!1m8!1m3!1d7449.668862448315!2d105.953852!3d20.999273!3m2!1i1024!2i768!4f13.1!3m3!1m2!1s0x3135a9001235a647%3A0xf9c5eb36864039bd!2zQ8O0bmcgdHkgVE5ISCBDw7RuZyBOZ2jhu4cgTeG7m2kgQW4gVMOibQ!5e0!3m2!1sen!2sus!4v1750995564014!5m2!1sen!2sus\" width=\"600\" height=\"265\" allowfullscreen=\"allowfullscreen\"><\/iframe><\/p>\r\n<p>\t\t<\/div>\n\t\t\t\t\t<\/div>\n\n\t <\/div> \t<div class=\"img has-hover x md-x lg-x y md-y lg-y\" id=\"image_991679705\">\n\t\t\t\t\t\t\t\t<div class=\"img-inner dark\" >\n\t\t\t<img loading=\"lazy\" decoding=\"async\" width=\"1020\" height=\"721\" src=\"https:\/\/atnewtech.vn\/wp-content\/uploads\/2025\/06\/Catalogue_Bon-be-chua-hoa-chat-FRP-1024x724.png\" class=\"attachment-large size-large\" alt=\"B\u1ed3n b\u1ec3 ch\u1ee9a h\u00f3a ch\u1ea5t FRP\" srcset=\"https:\/\/atnewtech.vn\/wp-content\/uploads\/2025\/06\/Catalogue_Bon-be-chua-hoa-chat-FRP-1024x724.png 1024w, https:\/\/atnewtech.vn\/wp-content\/uploads\/2025\/06\/Catalogue_Bon-be-chua-hoa-chat-FRP-300x212.png 300w, https:\/\/atnewtech.vn\/wp-content\/uploads\/2025\/06\/Catalogue_Bon-be-chua-hoa-chat-FRP-768x543.png 768w, https:\/\/atnewtech.vn\/wp-content\/uploads\/2025\/06\/Catalogue_Bon-be-chua-hoa-chat-FRP-1536x1086.png 1536w, https:\/\/atnewtech.vn\/wp-content\/uploads\/2025\/06\/Catalogue_Bon-be-chua-hoa-chat-FRP-600x424.png 600w, https:\/\/atnewtech.vn\/wp-content\/uploads\/2025\/06\/Catalogue_Bon-be-chua-hoa-chat-FRP.png 2000w\" sizes=\"auto, (max-width: 1020px) 100vw, 1020px\" \/>\t\t\t\t\t\t\n\t\t\t\t\t<\/div>\n\t\t\t\t\t\t\t\t\n<style>\n#image_991679705 {\n  width: 100%;\n}\n<\/style>\n\t<\/div>\n\t<\/p>\n<h2>\u0627\u0644\u062e\u0627\u062a\u0645\u0629<br \/><\/h2>\n<p>Lavabo Composite ATNewtech \u0644\u064a\u0633 \u0641\u0642\u0637 \u0645\u0646\u062a\u062c\u064b\u0627 \u0623\u0633\u0627\u0633\u064a\u064b\u0627 \u0641\u064a \u0627\u0644\u062d\u0645\u0627\u0645\u060c \u0628\u0644 \u0647\u0648 \u0623\u064a\u0636\u064b\u0627 \u0631\u0645\u0632 \u0644\u0623\u0633\u0644\u0648\u0628 \u062d\u064a\u0627\u0629 \u0639\u0635\u0631\u064a \u0648\u0645\u0633\u062a\u062f\u0627\u0645. \u0628\u0641\u0636\u0644 \u0645\u064a\u0632\u0627\u062a\u0647 \u0627\u0644\u0645\u062a\u0641\u0648\u0642\u0629 \u0645\u0646 \u062d\u064a\u062b \u0627\u0644\u0645\u0648\u0627\u062f\u060c \u0627\u0644\u062a\u0635\u0645\u064a\u0645\u060c \u0648\u0633\u0644\u0627\u0645\u0629 \u0627\u0644\u0627\u0633\u062a\u062e\u062f\u0627\u0645\u060c \u0641\u0625\u0646\u0647 \u0628\u0627\u0644\u062a\u0623\u0643\u064a\u062f \u0633\u064a\u0643\u0648\u0646 \u0627\u0644\u062e\u064a\u0627\u0631 \u0627\u0644\u0623\u0648\u0644 \u0644\u0623\u064a \u0645\u0634\u0631\u0648\u0639. \u062a\u0639\u0627\u0644 \u0625\u0644\u0649 An T\u00e2m \u0644\u062a\u062c\u0631\u0628\u0629 \u0627\u0644\u0641\u0631\u0642 \u0648\u062c\u0648\u062f\u0629 \u0627\u0644\u0645\u0646\u062a\u062c \u0627\u0644\u062a\u064a \u0646\u0642\u062f\u0645\u0647\u0627!<\/p>\n","protected":false},"excerpt":{"rendered":"<ul>\n<li><strong>\u0645\u0648\u0627\u062f \u0639\u0627\u0644\u064a\u0629 \u0627\u0644\u062c\u0648\u062f\u0629<\/strong>: \u062e\u0632\u0627\u0646\u0629 \u062d\u0648\u0636 \u0627\u0644\u063a\u0633\u064a\u0644 \u0645\u0635\u0646\u0648\u0639\u0629 \u0645\u0646 \u0645\u0648\u0627\u062f \u0643\u0648\u0645\u0628\u0648\u0632\u064a\u062a \u0645\u062a\u064a\u0646\u0629\u060c \u0645\u0642\u0627\u0648\u0645\u0629 \u0644\u0644\u0645\u0627\u0621\u060c \u0648\u0633\u0647\u0644\u0629 \u0627\u0644\u062a\u0646\u0638\u064a\u0641.<\/li>\n<li><strong>\u062a\u0635\u0645\u064a\u0645 \u0639\u0635\u0631\u064a<\/strong>: \u0646\u0645\u0637 \u0628\u0633\u064a\u0637 \u064a\u062a\u0645\u0627\u0634\u0649 \u0628\u0633\u0647\u0648\u0644\u0629 \u0645\u0639 \u0645\u062e\u062a\u0644\u0641 \u0623\u0646\u0645\u0627\u0637 \u0627\u0644\u062f\u064a\u0643\u0648\u0631 \u0627\u0644\u062f\u0627\u062e\u0644\u064a.<\/li>\n<li><strong>\u0623\u062d\u062c\u0627\u0645 \u0645\u0631\u0646\u0629<\/strong>: \u062a\u062a\u0648\u0641\u0631 \u0628\u0623\u062d\u062c\u0627\u0645 \u0648\u0623\u0634\u0643\u0627\u0644 \u0645\u062a\u0639\u062f\u062f\u0629 \u0644\u062a\u0646\u0627\u0633\u0628 \u0643\u0644 \u0627\u0644\u0645\u0633\u0627\u062d\u0627\u062a.<\/li>\n<li><strong>\u0648\u0638\u0627\u0626\u0641 \u0639\u0645\u0644\u064a\u0629<\/strong>: \u062a\u0648\u0641\u0631 \u0645\u0633\u0627\u062d\u0629 \u062a\u062e\u0632\u064a\u0646 \u0630\u0643\u064a\u0629 \u0644\u062a\u0631\u062a\u064a\u0628 \u0627\u0644\u0623\u063a\u0631\u0627\u0636 \u0628\u0634\u0643\u0644 \u0623\u0646\u064a\u0642.<\/li>\n<li><strong>\u0622\u0645\u0646 \u0644\u0644\u0635\u062d\u0629<\/strong>: \u062e\u0627\u0644\u064d \u0645\u0646 \u0627\u0644\u0645\u0648\u0627\u062f \u0627\u0644\u0643\u064a\u0645\u064a\u0627\u0626\u064a\u0629 \u0627\u0644\u0636\u0627\u0631\u0629 \u0648\u0622\u0645\u0646 \u062a\u0645\u0627\u0645\u064b\u0627 \u0644\u0644\u0645\u0633\u062a\u062e\u062f\u0645\u064a\u0646.<\/li>\n<\/ul>\n","protected":false},"featured_media":5825,"comment_status":"open","ping_status":"closed","template":"","meta":{"_acf_changed":false},"product_cat":[272],"product_tag":[],"class_list":{"0":"post-5834","1":"product","2":"type-product","3":"status-publish","4":"has-post-thumbnail","6":"product_cat-272","8":"first","9":"instock","10":"shipping-taxable","11":"product-type-simple"},"acf":[],"_links":{"self":[{"href":"https:\/\/atnewtech.vn\/ar\/wp-json\/wp\/v2\/product\/5834","targetHints":{"allow":["GET"]}}],"collection":[{"href":"https:\/\/atnewtech.vn\/ar\/wp-json\/wp\/v2\/product"}],"about":[{"href":"https:\/\/atnewtech.vn\/ar\/wp-json\/wp\/v2\/types\/product"}],"replies":[{"embeddable":true,"href":"https:\/\/atnewtech.vn\/ar\/wp-json\/wp\/v2\/comments?post=5834"}],"wp:featuredmedia":[{"embeddable":true,"href":"https:\/\/atnewtech.vn\/ar\/wp-json\/wp\/v2\/media\/5825"}],"wp:attachment":[{"href":"https:\/\/atnewtech.vn\/ar\/wp-json\/wp\/v2\/media?parent=5834"}],"wp:term":[{"taxonomy":"product_cat","embeddable":true,"href":"https:\/\/atnewtech.vn\/ar\/wp-json\/wp\/v2\/product_cat?post=5834"},{"taxonomy":"product_tag","embeddable":true,"href":"https:\/\/atnewtech.vn\/ar\/wp-json\/wp\/v2\/product_tag?post=5834"}],"curies":[{"name":"wp","href":"https:\/\/api.w.org\/{rel}","templated":true}]}}