{"id":5832,"date":"2025-06-13T16:51:46","date_gmt":"2025-06-13T09:51:46","guid":{"rendered":"https:\/\/atnewtech.vn\/%d8%b9%d8%b2%d9%84-%d8%a3%d8%b1%d8%b6%d9%8a%d8%a7%d8%aa-%d8%a7%d9%84%d9%85%d8%b5%d8%a7%d9%86%d8%b9-%d9%88%d8%a7%d9%84%d9%85%d8%a8%d8%a7%d9%86%d9%8a-%d8%a7%d9%84%d8%b3%d9%83%d9%86%d9%8a%d8%a9-%d8%a8\/"},"modified":"2025-06-13T16:51:46","modified_gmt":"2025-06-13T09:51:46","slug":"%d8%b9%d8%b2%d9%84-%d8%a3%d8%b1%d8%b6%d9%8a%d8%a7%d8%aa-%d8%a7%d9%84%d9%85%d8%b5%d8%a7%d9%86%d8%b9-%d9%88%d8%a7%d9%84%d9%85%d8%a8%d8%a7%d9%86%d9%8a-%d8%a7%d9%84%d8%b3%d9%83%d9%86%d9%8a%d8%a9-%d8%a8","status":"publish","type":"product","link":"https:\/\/atnewtech.vn\/ar\/%d8%b9%d8%b2%d9%84-%d8%a3%d8%b1%d8%b6%d9%8a%d8%a7%d8%aa-%d8%a7%d9%84%d9%85%d8%b5%d8%a7%d9%86%d8%b9-%d9%88%d8%a7%d9%84%d9%85%d8%a8%d8%a7%d9%86%d9%8a-%d8%a7%d9%84%d8%b3%d9%83%d9%86%d9%8a%d8%a9-%d8%a8\/","title":{"rendered":"\u0639\u0632\u0644 \u0623\u0631\u0636\u064a\u0627\u062a \u0627\u0644\u0645\u0635\u0627\u0646\u0639 \u0648\u0627\u0644\u0645\u0628\u0627\u0646\u064a \u0627\u0644\u0633\u0643\u0646\u064a\u0629 \u0628\u0627\u0633\u062a\u062e\u062f\u0627\u0645 \u0627\u0644\u0643\u0648\u0645\u0628\u0648\u0632\u064a\u062a \u0627\u0644\u0645\u064f\u0633\u062a\u062f\u0627\u0645"},"content":{"rendered":"<p>\u0647\u0644 \u062a\u0642\u0644\u0642 \u0645\u0646 \u062a\u0633\u0631\u0628 \u0627\u0644\u0645\u064a\u0627\u0647 \u0623\u0648 \u0627\u0644\u0631\u0637\u0648\u0628\u0629 \u0641\u064a \u0623\u0631\u0636\u064a\u0627\u062a \u0627\u0644\u0645\u0635\u0627\u0646\u0639 \u0623\u0648 \u0627\u0644\u0645\u0628\u0627\u0646\u064a \u0627\u0644\u0633\u0643\u0646\u064a\u0629 \u0645\u0645\u0627 \u064a\u0624\u062f\u064a \u0625\u0644\u0649 \u062a\u0644\u0641 \u0627\u0644\u0628\u0646\u064a\u0629 \u0627\u0644\u062a\u062d\u062a\u064a\u0629\u061f \u062a\u0633\u0631\u0628 \u0627\u0644\u0645\u064a\u0627\u0647 \u0641\u064a \u0627\u0644\u0623\u0631\u0636\u064a\u0627\u062a \u0634\u0627\u0626\u0639 \u0641\u064a \u0627\u0644\u0645\u0635\u0627\u0646\u0639 \u0648\u0627\u0644\u0645\u0628\u0627\u0646\u064a \u0627\u0644\u0645\u0631\u062a\u0641\u0639\u0629\u060c \u062e\u0627\u0635\u0629\u064b \u0628\u0639\u062f \u0645\u0648\u0633\u0645 \u0627\u0644\u0623\u0645\u0637\u0627\u0631 \u0623\u0648 \u0628\u0633\u0628\u0628 \u0636\u0639\u0641 \u0646\u0638\u0627\u0645 \u0627\u0644\u0635\u0631\u0641. \u0647\u0630\u0627 \u0644\u0627 \u064a\u0624\u062f\u064a \u0641\u0642\u0637 \u0625\u0644\u0649 \u0627\u0644\u0631\u0648\u0627\u0626\u062d \u0627\u0644\u0643\u0631\u064a\u0647\u0629\u060c \u0628\u0644 \u064a\u0624\u062b\u0631 \u0623\u064a\u0636\u0627\u064b \u0628\u0634\u0643\u0644 \u062e\u0637\u064a\u0631 \u0639\u0644\u0649 \u0627\u0644\u0645\u0645\u062a\u0644\u0643\u0627\u062a \u0648\u0633\u064a\u0631 \u0627\u0644\u0639\u0645\u0644. \u0644\u0630\u0644\u0643\u060c \u0645\u0646 \u0627\u0644\u0636\u0631\u0648\u0631\u064a \u062c\u062f\u0627\u064b \u0627\u0644\u0628\u062d\u062b \u0639\u0646 \u062d\u0644 \u0639\u0632\u0644 \u0641\u0639\u0627\u0644 \u0648\u062f\u0627\u0626\u0645.<\/p>\n<p>   <\/p>\n<h2>\u062d\u0644 \u0627\u0644\u0639\u0632\u0644 \u0628\u0627\u0633\u062a\u062e\u062f\u0627\u0645 \u0643\u0648\u0645\u0628\u0648\u0632\u064a\u062a Ecoprotec<\/h2>\n<p>\u062d\u0644 \u0627\u0644\u0639\u0632\u0644 \u0628\u0627\u0633\u062a\u062e\u062f\u0627\u0645 \u0627\u0644\u0643\u0648\u0645\u0628\u0648\u0632\u064a\u062a \u0645\u0646 Ecoprotec\u060c \u0627\u0644\u0645\u064f\u0646\u062a\u062c \u0648\u0627\u0644\u0645\u0646\u0641\u0630 \u0645\u0646 \u0642\u0628\u0644 \u0634\u0631\u0643\u0629 &#8220;\u0623\u0646 \u062a\u0627\u0645&#8221;\u060c \u0647\u0648 \u0627\u0644\u062e\u064a\u0627\u0631 \u0627\u0644\u062d\u062f\u064a\u062b \u0648\u0627\u0644\u0641\u0639\u0627\u0644 \u0648\u0627\u0644\u062f\u0627\u0626\u0645 \u0644\u0644\u0645\u0634\u0627\u0631\u064a\u0639 \u0627\u0644\u0625\u0646\u0634\u0627\u0626\u064a\u0629. \u0628\u0641\u0636\u0644 \u0645\u0642\u0627\u0648\u0645\u062a\u0647 \u0627\u0644\u0645\u0637\u0644\u0642\u0629 \u0644\u0644\u0645\u0627\u0621\u060c \u0644\u0627 \u064a\u062d\u0645\u064a \u0641\u0642\u0637 \u0627\u0644\u0623\u0631\u0636\u064a\u0627\u062a\u060c \u0628\u0644 \u064a\u0639\u0632\u0632 \u0623\u064a\u0636\u0627\u064b \u0645\u062a\u0627\u0646\u0629 \u0627\u0644\u0628\u0646\u064a\u0629 \u0627\u0644\u062a\u062d\u062a\u064a\u0629 \u0627\u0644\u0633\u0641\u0644\u064a\u0629.<\/p>\n<h3>\u0639\u0632\u0644 \u0645\u0627\u0626\u064a \u0643\u0627\u0645\u0644<\/h3>\n<p>\u0637\u0628\u0642\u0629 \u0627\u0644\u0643\u0648\u0645\u0628\u0648\u0632\u064a\u062a (FRP) \u062a\u0631\u062a\u0628\u0637 \u0628\u0642\u0648\u0629 \u0645\u0639 \u0627\u0644\u0623\u0631\u0636\u064a\u0629 \u0645\u0646 \u062e\u0644\u0627\u0644 \u0644\u0627\u0635\u0642 \u0625\u064a\u0628\u0648\u0643\u0633\u064a \u0623\u0635\u0644\u064a\u060c \u0645\u0645\u0627 \u064a\u062e\u0644\u0642 \u062d\u0627\u062c\u0632\u0627\u064b \u0645\u062a\u064a\u0646\u0627\u064b. \u064a\u062a\u0645\u064a\u0632 \u0627\u0644\u0645\u0646\u062a\u062c \u0628\u0642\u062f\u0631\u062a\u0647 \u0639\u0644\u0649 \u0645\u0642\u0627\u0648\u0645\u0629 \u0627\u0644\u0636\u063a\u0637 \u0648\u0627\u0644\u062a\u0633\u0631\u0628 \u062f\u0648\u0646 \u0623\u0646 \u064a\u062a\u0642\u0634\u0631 \u0645\u0639 \u0627\u0644\u0648\u0642\u062a. \u0643\u0645\u0627 \u0623\u0646\u0647 \u0645\u0642\u0627\u0648\u0645 \u0644\u0644\u0623\u0634\u0639\u0629 \u0641\u0648\u0642 \u0627\u0644\u0628\u0646\u0641\u0633\u062c\u064a\u0629\u060c \u0627\u0644\u062a\u0622\u0643\u0644 \u0648\u0627\u0644\u0645\u0648\u0627\u062f \u0627\u0644\u0643\u064a\u0645\u064a\u0627\u0626\u064a\u0629\u060c \u0645\u0645\u0627 \u064a\u062d\u0645\u064a \u0627\u0644\u0623\u0631\u0636\u064a\u0627\u062a \u0641\u064a \u062c\u0645\u064a\u0639 \u0627\u0644\u0638\u0631\u0648\u0641.<\/p>\n<p>  <\/p>\n<h3>\u0625\u0637\u0627\u0644\u0629 \u0639\u0645\u0631 \u0627\u0644\u0623\u0631\u0636\u064a\u0629 \u0648\u0627\u0644\u0628\u0646\u064a\u0629 \u0627\u0644\u062a\u062d\u062a\u064a\u0629<\/h3>\n<p>\u0627\u0633\u062a\u062e\u062f\u0627\u0645 \u0627\u0644\u0643\u0648\u0645\u0628\u0648\u0632\u064a\u062a \u0644\u0627 \u064a\u0639\u0632\u0644 \u0641\u0642\u0637\u060c \u0628\u0644 \u064a\u062d\u0645\u064a \u0627\u0644\u0637\u0628\u0642\u0627\u062a \u0627\u0644\u0633\u0641\u0644\u064a\u0629 \u0645\u0646 \u0627\u0644\u0645\u0627\u0621\u060c \u0627\u0644\u0639\u0641\u0646\u060c \u0648\u0627\u0644\u062a\u0622\u0643\u0644. \u0647\u0630\u0627 \u064a\u0642\u0644\u0644 \u0645\u0646 \u062e\u0637\u0631 \u062a\u0634\u0642\u0642 \u0627\u0644\u0623\u0631\u0636\u064a\u0627\u062a\u060c \u062a\u0642\u0634\u0631 \u0627\u0644\u0628\u0644\u0627\u0637 \u0648\u0627\u0644\u062a\u0633\u0631\u0628 \u0627\u0644\u0645\u0632\u0645\u0646. \u0648\u0628\u0627\u0644\u062a\u0627\u0644\u064a\u060c \u064a\u0637\u064a\u0644 \u0639\u0645\u0631 \u0627\u0644\u0623\u0631\u0636\u064a\u0629 \u0648\u0627\u0644\u0628\u0646\u064a\u0629\u060c \u0645\u0645\u0627 \u064a\u0639\u0632\u0632 \u0627\u0644\u0639\u0627\u0626\u062f \u0627\u0644\u0627\u0633\u062a\u062b\u0645\u0627\u0631\u064a.<\/p>\n<p>  <\/p>\n<h3>\u062a\u0646\u0641\u064a\u0630 \u0633\u0631\u064a\u0639 \u2013 \u062a\u0623\u062b\u064a\u0631 \u0642\u0644\u064a\u0644 \u0639\u0644\u0649 \u0627\u0644\u0623\u0646\u0634\u0637\u0629<\/h3>\n<p>\u0648\u0627\u062d\u062f\u0629 \u0645\u0646 \u0623\u0628\u0631\u0632 \u0645\u0632\u0627\u064a\u0627 \u0647\u0630\u0627 \u0627\u0644\u062d\u0644 \u0647\u064a \u0633\u0631\u0639\u0629 \u0627\u0644\u062a\u0646\u0641\u064a\u0630. \u064a\u062a\u0645 \u062a\u062c\u0647\u064a\u0632 \u0627\u0644\u0637\u0628\u0642\u0629 \u0627\u0644\u0623\u0648\u0644\u064a\u0629 \u062d\u0633\u0628 \u0627\u0644\u0645\u0633\u0627\u062d\u0629 \u0644\u062a\u0642\u0644\u064a\u0644 \u0648\u0642\u062a \u0627\u0644\u062a\u062c\u0641\u064a\u0641. \u064a\u062c\u0641 \u0627\u0644\u0645\u0646\u062a\u062c \u0628\u0633\u0631\u0639\u0629\u060c \u0644\u0627 \u0631\u0627\u0626\u062d\u0629 \u0644\u0647\u060c \u0648\u064a\u0645\u0643\u0646 \u0627\u0633\u062a\u062e\u062f\u0627\u0645\u0647 \u0628\u0639\u062f 12\u201324 \u0633\u0627\u0639\u0629 \u0641\u0642\u0637.<\/p>\n<p>  <\/p>\n<h2>\u0644\u0645\u0627\u0630\u0627 Ecoprotec \u0647\u0648 \u0627\u0644\u062e\u064a\u0627\u0631 \u0627\u0644\u0623\u0641\u0636\u0644\u061f<\/h2>\n<ul>\n<li>\n<p><strong>\u0627\u0644\u062a\u0635\u0645\u064a\u0645 \u0648\u0627\u0644\u062a\u0631\u0643\u064a\u0628 \u0627\u0644\u0645\u0628\u0627\u0634\u0631<\/strong>: \u062a\u062a\u0648\u0644\u0649 \u0634\u0631\u0643\u0629 \u0623\u0646 An Tam \u0627\u0644\u0639\u0645\u0644\u064a\u0629 \u0628\u0627\u0644\u0643\u0627\u0645\u0644 \u0645\u0646 \u0627\u0644\u062a\u0635\u0645\u064a\u0645 \u062d\u062a\u0649 \u0627\u0644\u062a\u0646\u0641\u064a\u0630\u060c \u0645\u0645\u0627 \u064a\u0636\u0645\u0646 \u0627\u0644\u062c\u0648\u062f\u0629.<\/p>\n<\/li>\n<li>\n<p><strong>\u0645\u0648\u0627\u062f \u0639\u0627\u0644\u064a\u0629 \u0627\u0644\u062c\u0648\u062f\u0629<\/strong>: \u0646\u0633\u062a\u062e\u062f\u0645 \u0644\u0627\u0635\u0642 FRP \u0623\u0635\u0644\u064a \u0648\u0642\u0645\u0627\u0634 \u0627\u0644\u0623\u0644\u064a\u0627\u0641 \u0627\u0644\u0632\u062c\u0627\u062c\u064a\u0629\/\u062a\u064a\u0634\u0648 \u0628\u0645\u0639\u0627\u064a\u064a\u0631 \u0639\u0627\u0644\u064a\u0629 \u0644\u0636\u0645\u0627\u0646 \u0627\u0644\u0627\u0644\u062a\u0635\u0627\u0642.<\/p>\n<\/li>\n<li>\n<p><strong>\u062a\u0635\u0627\u0645\u064a\u0645 \u0645\u0631\u0646\u0629<\/strong>: \u0642\u0627\u0628\u0644\u0629 \u0644\u0644\u062a\u0637\u0628\u064a\u0642 \u0639\u0644\u0649 \u062c\u0645\u064a\u0639 \u0623\u0646\u0648\u0627\u0639 \u0627\u0644\u0623\u0631\u0636\u064a\u0627\u062a (\u062e\u0631\u0633\u0627\u0646\u0629\u060c \u0628\u0644\u0627\u0637\u060c \u0645\u0639\u0627\u062f\u0646) \u0648\u062a\u0643\u064a\u064a\u0641\u0647\u0627 \u062d\u0633\u0628 \u0627\u0644\u0648\u0638\u064a\u0641\u0629 (\u0645\u0642\u0627\u0648\u0645\u0629 \u0643\u064a\u0645\u064a\u0627\u0626\u064a\u0629\u060c \u0639\u0632\u0644 \u062d\u0631\u0627\u0631\u064a\u060c \u0625\u0644\u062e).<\/p>\n<\/li>\n<li>\n<p><strong>\u062a\u0633\u0639\u064a\u0631 \u0648\u0627\u0636\u062d \u0648\u062a\u0646\u0641\u064a\u0630 \u0633\u0631\u064a\u0639<\/strong>: \u0646\u0642\u062f\u0645 \u062e\u062f\u0645\u0627\u062a \u062a\u0633\u0644\u064a\u0645 \u0645\u0641\u062a\u0627\u062d \u0623\u0648 \u062a\u0648\u0641\u064a\u0631 \u0627\u0644\u0645\u0648\u0627\u062f \u0644\u0644\u0639\u0645\u064a\u0644 \u062d\u0633\u0628 \u0627\u0644\u0631\u063a\u0628\u0629.<\/p>\n<\/li>\n<\/ul>\n<h2>\u0627\u062a\u0635\u0644 \u0628\u0646\u0627 \u0627\u0644\u0622\u0646 \u0644\u062d\u0645\u0627\u064a\u0629 \u0623\u0631\u0636\u064a\u0627\u062a\u0643 \u0628\u0627\u0644\u0643\u0648\u0645\u0628\u0648\u0632\u064a\u062a!<\/h2>\n<p>\u0644\u0627 \u062a\u062f\u0639 \u062a\u0633\u0631\u0628 \u0627\u0644\u0645\u064a\u0627\u0647 \u064a\u0624\u062b\u0631 \u0639\u0644\u0649 \u062d\u064a\u0627\u062a\u0643 \u0623\u0648 \u0639\u0645\u0644\u0643. \u0627\u062a\u0635\u0644 \u0628\u0640 Ecoprotec \u0627\u0644\u0622\u0646 \u0644\u0644\u062d\u0635\u0648\u0644 \u0639\u0644\u0649 \u0627\u0633\u062a\u0634\u0627\u0631\u0629 \u0648\u062f\u0639\u0645 \u0645\u0647\u0646\u064a! <\/p>\n<p>\ud83d\udcde <strong>\u0627\u0644\u062e\u0637 \u0627\u0644\u0633\u0627\u062e\u0646<\/strong>\/Zalo: 0368172226 \u2013 0834473166<br \/>\ud83d\udce7<strong> \u0627\u0644\u0628\u0631\u064a\u062f \u0627\u0644\u0625\u0644\u0643\u062a\u0631\u0648\u0646\u064a<\/strong>: <a class=\"\" href=\"mailto:sales@atnewtech.vn\" target=\"_blank\" rel=\"noopener noreferrer\">sales@atnewtech.vn<\/a><br \/>\ud83c\udf10<strong> \u0627\u0644\u0645\u0648\u0642\u0639 \u0627\u0644\u0625\u0644\u0643\u062a\u0631\u0648\u0646\u064a<\/strong>: <a class=\"\" href=\"http:\/\/www.atnewtech.vn\/\" target=\"_blank\" rel=\"noopener noreferrer\">www.atnewtech.vn<\/a><\/p>\n<h3>\u0627\u0644\u062e\u062f\u0645\u0627\u062a \u0627\u0644\u0645\u0633\u0627\u0646\u062f\u0629:<\/h3>\n<ul>\n<li>&#8211; \u062a\u0642\u062f\u064a\u0645 \u0627\u0644\u0627\u0633\u062a\u0634\u0627\u0631\u0627\u062a \u0641\u064a \u0627\u0644\u0645\u0648\u0642\u0639\u060c \u0648\u0623\u062e\u0630 \u0639\u064a\u0646\u0627\u062a \u0644\u0641\u062d\u0635 \u0633\u0637\u062d \u0627\u0644\u0623\u0631\u0636.<\/li>\n<li>&#8211; \u062a\u0646\u0641\u064a\u0630 \u0643\u0627\u0645\u0644 \u0644\u0644\u0645\u0634\u0631\u0648\u0639 \u0623\u0648 \u062a\u0648\u0641\u064a\u0631 \u0627\u0644\u0645\u0648\u0627\u062f \u0644\u064a\u0642\u0648\u0645 \u0627\u0644\u0639\u0645\u064a\u0644 \u0628\u0627\u0644\u062a\u0646\u0641\u064a\u0630 \u0628\u0646\u0641\u0633\u0647.<\/li>\n<li>Nh\u1eadn thi\u1ebft k\u1ebf v\u00e0 gia c\u00f4ng composite theo y\u00eau c\u1ea7u.<\/li>\n<\/ul>\n<p>Ecoprotec \u0645\u0646 An T\u00e2m \u2013 \u0639\u0632\u0644 \u0645\u0627\u0646\u0639 \u0644\u0644\u062a\u0633\u0631\u0628 \u0628\u0627\u0633\u062a\u062e\u062f\u0627\u0645 \u0627\u0644\u0643\u0648\u0645\u0628\u0648\u0632\u064a\u062a\u060c \u0645\u062a\u064a\u0646 \u0648\u0637\u0648\u064a\u0644 \u0627\u0644\u0623\u0645\u062f \u0644\u0644\u0623\u0631\u0636\u064a\u0627\u062a. \u062f\u0639\u0646\u0627 \u0646\u0633\u0627\u0639\u062f\u0643 \u0639\u0644\u0649 \u062d\u0645\u0627\u064a\u0629 \u0645\u0633\u0627\u062d\u0629 \u0639\u0645\u0644\u0643 \u0623\u0648 \u0645\u0646\u0632\u0644\u0643 \u0628\u0623\u0641\u0636\u0644 \u0637\u0631\u064a\u0642\u0629 \u0645\u0645\u0643\u0646\u0629! <\/p>\n","protected":false},"excerpt":{"rendered":"<ul>\n<li>\n<p><strong>\u0627\u0644\u0645\u0648\u0627\u0635\u0641\u0627\u062a \u0627\u0644\u0641\u0646\u064a\u0629<\/strong>: \u0633\u0645\u0643 \u0637\u0628\u0642\u0629 \u0627\u0644\u0639\u0632\u0644 \u0645\u0646 1 \u0625\u0644\u0649 3 \u0645\u0644\u0645\u060c \u0648\u0642\u062a \u0627\u0644\u062c\u0641\u0627\u0641 \u0645\u0646 12 \u0625\u0644\u0649 24 \u0633\u0627\u0639\u0629\u060c \u062a\u062a\u062d\u0645\u0644 \u0627\u0644\u0623\u062d\u0645\u0627\u0644 \u0648\u0641\u0642\u0627\u064b \u0644\u0644\u0645\u0639\u0627\u064a\u064a\u0631 \u0627\u0644\u0635\u0646\u0627\u0639\u064a\u0629.<\/p>\n<\/li>\n<li>\n<p><strong>\u0627\u0644\u0645\u0648\u0627\u062f<\/strong>: \u0643\u0648\u0645\u0628\u0648\u0632\u064a\u062a FRP \u0645\u0639 \u0625\u064a\u0628\u0648\u0643\u0633\u064a \u0639\u0627\u0644\u064a \u0627\u0644\u062c\u0648\u062f\u0629\u060c \u064a\u0633\u062a\u062e\u062f\u0645 \u0623\u0644\u064a\u0627\u0641 \u0632\u062c\u0627\u062c\u064a\u0629 \u0623\u0648 \u0642\u0645\u0627\u0634 tissue \u0628\u0645\u0639\u0627\u064a\u064a\u0631 \u0645\u0639\u062a\u0645\u062f\u0629.<\/p>\n<\/li>\n<li>\n<p><strong>\u0627\u0644\u0642\u062f\u0631\u0629 \u0639\u0644\u0649 \u0627\u0644\u0639\u0632\u0644<\/strong>: \u0645\u0642\u0627\u0648\u0645\u0629 \u0645\u0645\u062a\u0627\u0632\u0629 \u0644\u0644\u0645\u0627\u0621\u060c \u062a\u0645\u0646\u0639 \u0627\u0644\u0639\u0641\u0646\u060c \u0648\u062a\u0644\u062a\u0635\u0642 \u0628\u0642\u0648\u0629 \u0628\u0633\u0637\u062d \u0627\u0644\u0623\u0631\u0636\u064a\u0629 \u062f\u0648\u0646 \u062a\u0642\u0634\u0631 \u0645\u0639 \u0627\u0644\u0632\u0645\u0646.<\/p>\n<\/li>\n<li>\n<p><strong>\u0645\u0642\u0627\u0648\u0645\u0629 \u0627\u0644\u0645\u0648\u0627\u062f \u0627\u0644\u0643\u064a\u0645\u064a\u0627\u0626\u064a\u0629 \u0648\u0627\u0644\u062a\u0622\u0643\u0644<\/strong>: \u0645\u0642\u0627\u0648\u0645\u0629 \u0641\u0639\u0627\u0644\u0629 \u0644\u0644\u0623\u062d\u0645\u0627\u0636\u060c \u0627\u0644\u0642\u0644\u0648\u064a\u0627\u062a\u060c \u0627\u0644\u0623\u0645\u0644\u0627\u062d \u0648\u0627\u0644\u0645\u0648\u0627\u062f \u0627\u0644\u0643\u064a\u0645\u064a\u0627\u0626\u064a\u0629\u060c \u0628\u0633\u0637\u062d \u0645\u062a\u064a\u0646 \u064a\u062a\u062d\u0645\u0644 \u0638\u0631\u0648\u0641 \u0627\u0644\u0628\u064a\u0626\u0629 \u0627\u0644\u0635\u0639\u0628\u0629.<\/p>\n<\/li>\n<li>\n<p><strong>\u062a\u0646\u0641\u064a\u0630 \u0633\u0631\u064a\u0639<\/strong>: \u0645\u062f\u0629 \u0627\u0644\u062a\u0646\u0641\u064a\u0630 \u0642\u0635\u064a\u0631\u0629\u060c \u0623\u0642\u0644 \u062a\u0623\u062b\u064a\u0631 \u0639\u0644\u0649 \u0627\u0644\u0625\u0646\u062a\u0627\u062c\u060c \u0648\u062a\u0642\u0644\u064a\u0644 \u062a\u0643\u0627\u0644\u064a\u0641 \u0627\u0644\u0635\u064a\u0627\u0646\u0629 \u0628\u0641\u0636\u0644 \u0627\u0644\u0645\u062a\u0627\u0646\u0629 \u0627\u0644\u0639\u0627\u0644\u064a\u0629.<\/p>\n<\/li>\n<\/ul>\n","protected":false},"featured_media":7114,"comment_status":"open","ping_status":"closed","template":"","meta":{"_acf_changed":false},"product_cat":[270],"product_tag":[],"class_list":{"0":"post-5832","1":"product","2":"type-product","3":"status-publish","4":"has-post-thumbnail","6":"product_cat-270","8":"first","9":"instock","10":"shipping-taxable","11":"product-type-simple"},"acf":[],"_links":{"self":[{"href":"https:\/\/atnewtech.vn\/ar\/wp-json\/wp\/v2\/product\/5832","targetHints":{"allow":["GET"]}}],"collection":[{"href":"https:\/\/atnewtech.vn\/ar\/wp-json\/wp\/v2\/product"}],"about":[{"href":"https:\/\/atnewtech.vn\/ar\/wp-json\/wp\/v2\/types\/product"}],"replies":[{"embeddable":true,"href":"https:\/\/atnewtech.vn\/ar\/wp-json\/wp\/v2\/comments?post=5832"}],"wp:featuredmedia":[{"embeddable":true,"href":"https:\/\/atnewtech.vn\/ar\/wp-json\/wp\/v2\/media\/7114"}],"wp:attachment":[{"href":"https:\/\/atnewtech.vn\/ar\/wp-json\/wp\/v2\/media?parent=5832"}],"wp:term":[{"taxonomy":"product_cat","embeddable":true,"href":"https:\/\/atnewtech.vn\/ar\/wp-json\/wp\/v2\/product_cat?post=5832"},{"taxonomy":"product_tag","embeddable":true,"href":"https:\/\/atnewtech.vn\/ar\/wp-json\/wp\/v2\/product_tag?post=5832"}],"curies":[{"name":"wp","href":"https:\/\/api.w.org\/{rel}","templated":true}]}}