{"id":1865,"date":"2024-06-08T07:30:25","date_gmt":"2024-06-08T00:30:25","guid":{"rendered":"https:\/\/atnewtech.vn\/%d8%b3%d9%8a%d8%a7%d8%b3%d8%a9-%d8%a7%d9%84%d8%ae%d8%b5%d9%88%d8%b5%d9%8a%d8%a9\/"},"modified":"2025-03-11T14:17:18","modified_gmt":"2025-03-11T07:17:18","slug":"%d8%b3%d9%8a%d8%a7%d8%b3%d8%a9-%d8%a7%d9%84%d8%ae%d8%b5%d9%88%d8%b5%d9%8a%d8%a9","status":"publish","type":"page","link":"https:\/\/atnewtech.vn\/ar\/%d8%b3%d9%8a%d8%a7%d8%b3%d8%a9-%d8%a7%d9%84%d8%ae%d8%b5%d9%88%d8%b5%d9%8a%d8%a9\/","title":{"rendered":"\u0633\u064a\u0627\u0633\u0629 \u0627\u0644\u062e\u0635\u0648\u0635\u064a\u0629"},"content":{"rendered":"<p><span style=\"font-family: tahoma, arial, helvetica, sans-serif;\"><\/p>\n&#13;\n<h2 class=\"wp-block-heading\"><span style=\"font-family: tahoma, arial, helvetica, sans-serif;\">\u0645\u0646 \u0646\u062d\u0646<\/span><\/h2>&#13;\n<p><span style=\"font-family: tahoma, arial, helvetica, sans-serif;\">\u0110\u1ecba ch\u1ec9 website l\u00e0: https:\/\/atnewtech.vn.<\/span><\/p>&#13;\n<h1 class=\"wp-block-heading\" dir=\"ltr\"><span style=\"font-family: tahoma, arial, helvetica, sans-serif;\"><strong>1. \u0627\u0644\u063a\u0631\u0636 \u0648\u0646\u0637\u0627\u0642 \u062c\u0645\u0639 \u0627\u0644\u0645\u0639\u0644\u0648\u0645\u0627\u062a:<\/strong><\/span><\/h1>&#13;\n<p dir=\"ltr\"><span style=\"font-family: tahoma, arial, helvetica, sans-serif;\">\u2013 Xin ch\u00e2n th\u00e0nh c\u1ea3m \u01a1n qu\u00fd kh\u00e1ch h\u00e0ng \u0111\u00e3 truy c\u1eadp v\u00e0o WEBSITE: https:\/\/atnewtech.vn\/ tr\u1ef1c thu\u1ed9c C\u00d4NG TY TNHH CNM An T\u00e2m.<\/span><\/p>&#13;\n<p dir=\"ltr\"><span style=\"font-family: tahoma, arial, helvetica, sans-serif;\">\u2013 Ch\u00fang t\u00f4i r\u1ea5t t\u00f4n tr\u1ecdng v\u00e0 cam k\u1ebft s\u1ebd b\u1ea3o m\u1eadt nh\u1eefng th\u00f4ng tin mang t\u00ednh ri\u00eang t\u01b0 c\u1ee7a kh\u00e1ch h\u00e0ng. Ch\u00fang t\u00f4i ch\u1ec9 thu th\u1eadp nh\u1eefng th\u00f4ng tin c\u1ea7n thi\u1ebft li\u00ean quan \u0111\u1ebfn giao d\u1ecbch mua b\u00e1n \u2013 giao nh\u1eadn \u0111\u01a1n h\u00e0ng.<\/span><\/p>&#13;\n<p dir=\"ltr\"><span style=\"font-family: tahoma, arial, helvetica, sans-serif;\">\u2013 Vi\u1ec7c thu th\u1eadp d\u1eef li\u1ec7u ch\u1ee7 y\u1ebfu tr\u00ean website: atnewtech.vn bao g\u1ed3m: H\u1ecd t\u00ean, s\u1ed1 \u0111i\u1ec7n tho\u1ea1i, \u0111\u1ecba ch\u1ec9 c\u1ee7a kh\u00e1ch h\u00e0ng. \u0110\u00e2y l\u00e0 c\u00e1c th\u00f4ng tin m\u00e0 AT Newtech c\u1ea7n th\u00e0nh vi\u00ean cung c\u1ea5p \u0111\u1ec3 AT Newtech li\u00ean h\u1ec7, t\u01b0 v\u1ea5n h\u1ed7 tr\u1ee3, x\u00e1c nh\u1eadn v\u00e0 g\u1eedi h\u00e0ng cho qu\u00fd kh\u00e1ch h\u00e0ng.<\/span><\/p>&#13;\n<h1 dir=\"ltr\"><span style=\"font-family: tahoma, arial, helvetica, sans-serif;\"><strong>2. \u0646\u0637\u0627\u0642 \u0627\u0633\u062a\u062e\u062f\u0627\u0645 \u0627\u0644\u0645\u0639\u0644\u0648\u0645\u0627\u062a<\/strong><\/span><\/h1>&#13;\n<p dir=\"ltr\"><span style=\"font-family: tahoma, arial, helvetica, sans-serif;\">C\u00f4ng ty s\u1eed d\u1ee5ng th\u00f4ng tin Qu\u00fd Kh\u00e1ch h\u00e0ng cung c\u1ea5p \u0111\u1ec3:<\/span><\/p>&#13;\n<p dir=\"ltr\"><span style=\"font-family: tahoma, arial, helvetica, sans-serif;\">\u2013 Cung c\u1ea5p c\u00e1c d\u1ecbch v\u1ee5; G\u1eedi c\u00e1c th\u00f4ng b\u00e1o v\u1ec1 ch\u01b0\u01a1ng tr\u00ecnh khuy\u1ebfn m\u00e3i hay li\u00ean quan \u0111\u1ebfn s\u1ea3n ph\u1ea9m (n\u1ebfu c\u00f3)<\/span><\/p>&#13;\n<p dir=\"ltr\"><span style=\"font-family: tahoma, arial, helvetica, sans-serif;\">Ch\u00fang t\u00f4i c\u00f3 th\u1ec3 chuy\u1ec3n t\u00ean v\u00e0 \u0111\u1ecba ch\u1ec9 cho b\u00ean th\u1ee9 ba \u0111\u1ec3 h\u1ecd giao h\u00e0ng cho b\u1ea1n (v\u00ed d\u1ee5 cho b\u00ean chuy\u1ec3n ph\u00e1t nhanh ho\u1eb7c nh\u00e0 cung c\u1ea5p d\u1ecbch v\u1ee5 giao nh\u1eadn).<\/span><\/p>&#13;\n<p dir=\"ltr\"><span style=\"font-family: tahoma, arial, helvetica, sans-serif;\">\u2013 M\u1ecdi th\u00f4ng tin giao d\u1ecbch s\u1ebd \u0111\u01b0\u1ee3c b\u1ea3o m\u1eadt nh\u01b0ng trong tr\u01b0\u1eddng h\u1ee3p c\u01a1 quan ph\u00e1p lu\u1eadt y\u00eau c\u1ea7u, ch\u00fang t\u00f4i s\u1ebd bu\u1ed9c ph\u1ea3i cung c\u1ea5p nh\u1eefng th\u00f4ng tin n\u00e0y cho c\u00e1c c\u01a1 quan ph\u00e1p lu\u1eadt.<\/span><\/p>&#13;\n<p dir=\"ltr\"><span style=\"font-family: tahoma, arial, helvetica, sans-serif;\">\u2013 Ch\u00fang t\u00f4i c\u0169ng thu th\u1eadp th\u00f4ng tin v\u1ec1 s\u1ed1 l\u1ea7n gh\u00e9 th\u0103m, bao g\u1ed3m s\u1ed1 trang qu\u00fd kh\u00e1ch xem, s\u1ed1 links b\u1ea1n click, nh\u1eefng th\u00f4ng tin kh\u00e1c li\u00ean quan \u0111\u1ebfn vi\u1ec7c k\u1ebft n\u1ed1i ng\u01b0\u1eddi ti\u00eau d\u00f9ng v\u1edbi AT Newtech nh\u1eb1m m\u1ee5c \u0111\u00edch n\u00e2ng cao ch\u1ea5t l\u01b0\u1ee3ng d\u1ecbch v\u1ee5, \u0111\u00e1p \u1ee9ng ng\u00e0y c\u00e0ng t\u1ed1t h\u01a1n nhu c\u1ea7u c\u1ee7a kh\u00e1ch h\u00e0ng.<\/span><\/p>&#13;\n<h1 dir=\"ltr\"><span style=\"font-family: tahoma, arial, helvetica, sans-serif;\"><strong> 3. \u0645\u062f\u0629 \u0627\u0644\u0627\u062d\u062a\u0641\u0627\u0638 \u0628\u0627\u0644\u0645\u0639\u0644\u0648\u0645\u0627\u062a <\/strong><\/span><\/h1>&#13;\n<p dir=\"ltr\"><span style=\"font-family: tahoma, arial, helvetica, sans-serif;\">D\u1eef li\u1ec7u c\u00e1 nh\u00e2n c\u1ee7a qu\u00fd kh\u00e1ch h\u00e0ng s\u1ebd \u0111\u01b0\u1ee3c l\u01b0u tr\u1eef cho \u0111\u1ebfn khi c\u00f3 y\u00eau c\u1ea7u h\u1ee7y b\u1ecf. C\u00f2n l\u1ea1i trong m\u1ecdi tr\u01b0\u1eddng h\u1ee3p th\u00f4ng tin c\u00e1 nh\u00e2n qu\u00fd kh\u00e1ch h\u00e0ng s\u1ebd \u0111\u01b0\u1ee3c b\u1ea3o m\u1eadt.<\/span><\/p>&#13;\n<h1 dir=\"ltr\"><span style=\"font-family: tahoma, arial, helvetica, sans-serif;\"><strong>4. \u0639\u0646\u0648\u0627\u0646 \u0627\u0644\u0648\u062d\u062f\u0629 \u0627\u0644\u062a\u064a \u062a\u0642\u0648\u0645 \u0628\u062c\u0645\u0639 \u0648\u0625\u062f\u0627\u0631\u0629 \u0627\u0644\u0645\u0639\u0644\u0648\u0645\u0627\u062a \u0627\u0644\u0634\u062e\u0635\u064a\u0629<\/strong><\/span><\/h1>&#13;\n<p><span style=\"font-family: tahoma, arial, helvetica, sans-serif;\"><strong>C\u00f4ng ty TNHH C\u00f4ng Ngh\u1ec7 M\u1edbi An T\u00e2m<\/strong><\/span><\/p>&#13;\n<p><span style=\"font-family: tahoma, arial, helvetica, sans-serif;\">Tr\u1ee5 s\u1edf: S\u1ed1 11 Ng\u00f5 896\/10\/25 Nguy\u1ec5n Kho\u00e1i, Ph\u01b0\u1eddng Thanh Tr\u00ec, Ho\u00e0ng Mai, H\u00e0 N\u1ed9i<\/span><\/p>&#13;\n<p><span style=\"font-family: tahoma, arial, helvetica, sans-serif;\">\u0110\u1ecba ch\u1ec9 kho h\u00e0ng: Li\u1ec1n k\u1ec1 25 Osaka Khu \u0111\u00f4 th\u1ecb Eurowindow Twin Parks Gia L\u00e2m, H\u00e0 N\u1ed9i<\/span><\/p>&#13;\n<p><span style=\"font-family: tahoma, arial, helvetica, sans-serif;\">Hotline: 0338020530<\/span><\/p>&#13;\n<p><span style=\"font-family: tahoma, arial, helvetica, sans-serif;\"><a href=\"mailto:atnewtechvietnam@gmail.com\">atnewtechvietnam@gmail.com<\/a><\/span><\/p>&#13;\n<p>\u00a0<\/p>&#13;\n<h1 dir=\"ltr\"><span style=\"font-family: tahoma, arial, helvetica, sans-serif;\"><strong>5. \u0645\u0644\u062a\u0632\u0645\u0648\u0646 \u0628\u062d\u0645\u0627\u064a\u0629 \u0627\u0644\u0645\u0639\u0644\u0648\u0645\u0627\u062a \u0627\u0644\u0634\u062e\u0635\u064a\u0629 \u0644\u0644\u0639\u0645\u0644\u0627\u0621.<\/strong><\/span><\/h1>&#13;\n<p dir=\"ltr\"><span style=\"font-family: tahoma, arial, helvetica, sans-serif;\">\u2013 Th\u00f4ng tin c\u00e1 nh\u00e2n c\u1ee7a qu\u00fd kh\u00e1ch h\u00e0ng tr\u00ean website: atnewtech.vn \u0111\u01b0\u1ee3c cam k\u1ebft b\u1ea3o m\u1eadt tuy\u1ec7t \u0111\u1ed1i theo ch\u00ednh s\u00e1ch b\u1ea3o v\u1ec7 th\u00f4ng tin c\u00e1 nh\u00e2n c\u1ee7a AT Newtech. Vi\u1ec7c thu th\u1eadp v\u00e0 s\u1eed d\u1ee5ng th\u00f4ng tin c\u1ee7a m\u1ed7i th\u00e0nh vi\u00ean ch\u1ec9 \u0111\u01b0\u1ee3c th\u1ef1c hi\u1ec7n khi c\u00f3 s\u1ef1 \u0111\u1ed3ng \u00fd c\u1ee7a kh\u00e1ch h\u00e0ng \u0111\u00f3 tr\u1eeb nh\u1eefng tr\u01b0\u1eddng h\u1ee3p ph\u00e1p lu\u1eadt c\u00f3 quy \u0111\u1ecbnh kh\u00e1c.\u00a0<\/span><\/p>&#13;\n<p dir=\"ltr\"><span style=\"font-family: tahoma, arial, helvetica, sans-serif;\">\u2013 Ban qu\u1ea3n tr\u1ecb website: atnewtech.vn y\u00eau c\u1ea7u c\u00e1 nh\u00e2n khi \u0111\u0103ng k\u00fd\/mua h\u00e0ng, ph\u1ea3i cung c\u1ea5p \u0111\u1ea7y \u0111\u1ee7 th\u00f4ng tin c\u00e1 nh\u00e2n c\u00f3 li\u00ean quan nh\u01b0 H\u1ecd v\u00e0 t\u00ean, \u0111\u1ecba ch\u1ec9 li\u00ean l\u1ea1c, \u0111i\u1ec7n tho\u1ea1i, s\u1ed1 t\u00e0i kho\u1ea3n,\u2026 v\u00e0 ch\u1ecbu tr\u00e1ch nhi\u1ec7m v\u1ec1 t\u00ednh ph\u00e1p l\u00fd c\u1ee7a nh\u1eefng th\u00f4ng tin tr\u00ean. Ch\u00fang t\u00f4i kh\u00f4ng ch\u1ecbu tr\u00e1ch nhi\u1ec7m c\u0169ng nh\u01b0 m\u1ecdi khi\u1ebfu n\u1ea1i c\u00f3 li\u00ean quan \u0111\u1ebfn quy\u1ec1n l\u1ee3i c\u1ee7a th\u00e0nh vi\u00ean \u0111\u00f3 n\u1ebfu x\u00e9t th\u1ea5y th\u00f4ng tin c\u00e1 nh\u00e2n c\u1ee7a th\u00e0nh vi\u00ean \u0111\u00f3 cung c\u1ea5p khi \u0111\u0103ng k\u00fd ban \u0111\u1ea7u l\u00e0 kh\u00f4ng ch\u00ednh x\u00e1c.<\/span><\/p>&#13;\n<p dir=\"ltr\"><span style=\"font-family: tahoma, arial, helvetica, sans-serif;\">\u2013 Kh\u00f4ng s\u1eed d\u1ee5ng, kh\u00f4ng chuy\u1ec3n giao, kh\u00f4ng cung c\u1ea5p hay ti\u1ebft l\u1ed9 cho b\u00ean th\u1ee9 3 n\u00e0o v\u1ec1 th\u00f4ng tin c\u00e1 nh\u00e2n c\u1ee7a th\u00e0nh vi\u00ean khi kh\u00f4ng c\u00f3 s\u1ef1 cho ph\u00e9p \u0111\u1ed3ng \u00fd t\u1eeb th\u00e0nh vi\u00ean.\u00a0<\/span><\/p>&#13;\n<h2><span style=\"font-family: tahoma, arial, helvetica, sans-serif;\">\u0645\u0646 \u0623\u0646\u0627\u061f<\/span><\/h2>&#13;\n<p><span style=\"font-family: tahoma, arial, helvetica, sans-serif;\"><strong class=\"privacy-policy-tutorial\">V\u0103n b\u1ea3n \u0111\u01b0\u1ee3c \u0111\u1ec1 xu\u1ea5t:\u00a0<\/strong>\u0110\u1ecba ch\u1ec9 website l\u00e0: https:\/\/atnewtech.vn<\/span><\/p>&#13;\n<h2 class=\"wp-block-heading\"><span style=\"font-family: tahoma, arial, helvetica, sans-serif;\">\u062a\u0639\u0644\u064a\u0642<\/span><\/h2>&#13;\n<p><span style=\"font-family: tahoma, arial, helvetica, sans-serif;\"><strong class=\"privacy-policy-tutorial\">V\u0103n b\u1ea3n \u0111\u01b0\u1ee3c \u0111\u1ec1 xu\u1ea5t:\u00a0<\/strong>Khi kh\u00e1ch truy c\u1eadp \u0111\u1ec3 l\u1ea1i b\u00ecnh lu\u1eadn tr\u00ean trang web, ch\u00fang t\u00f4i thu th\u1eadp d\u1eef li\u1ec7u \u0111\u01b0\u1ee3c hi\u1ec3n th\u1ecb trong bi\u1ec3u m\u1eabu b\u00ecnh lu\u1eadn v\u00e0 c\u0169ng l\u00e0 \u0111\u1ecba ch\u1ec9 IP c\u1ee7a ng\u01b0\u1eddi truy c\u1eadp v\u00e0 chu\u1ed7i user agent c\u1ee7a ng\u01b0\u1eddi d\u00f9ng tr\u00ecnh duy\u1ec7t \u0111\u1ec3 gi\u00fap ph\u00e1t hi\u1ec7n spam<\/span><\/p>&#13;\n<p><span style=\"font-family: tahoma, arial, helvetica, sans-serif;\">M\u1ed9t chu\u1ed7i \u1ea9n danh \u0111\u01b0\u1ee3c t\u1ea1o t\u1eeb \u0111\u1ecba ch\u1ec9 email c\u1ee7a b\u1ea1n (c\u00f2n \u0111\u01b0\u1ee3c g\u1ecdi l\u00e0 hash) c\u00f3 th\u1ec3 \u0111\u01b0\u1ee3c cung c\u1ea5p cho d\u1ecbch v\u1ee5 Gravatar \u0111\u1ec3 xem b\u1ea1n c\u00f3 \u0111ang s\u1eed d\u1ee5ng n\u00f3 hay kh\u00f4ng. Ch\u00ednh s\u00e1ch b\u1ea3o m\u1eadt c\u1ee7a d\u1ecbch v\u1ee5 P c\u00f3 t\u1ea1i AT Newtech: https:\/\/atnewtech.vn\/chinh-sach-bao-mat\/ Sau khi ch\u1ea5p nh\u1eadn b\u00ecnh lu\u1eadn c\u1ee7a b\u1ea1n, \u1ea3nh ti\u1ec3u s\u1eed c\u1ee7a b\u1ea1n \u0111\u01b0\u1ee3c hi\u1ec3n th\u1ecb c\u00f4ng khai trong ng\u1eef c\u1ea3nh b\u00ecnh lu\u1eadn c\u1ee7a b\u1ea1n.<\/span><\/p>&#13;\n<h2 class=\"wp-block-heading\"><span style=\"font-family: tahoma, arial, helvetica, sans-serif;\">\u0648\u0633\u0627\u0626\u0637<\/span><\/h2>&#13;\n<p><span style=\"font-family: tahoma, arial, helvetica, sans-serif;\"><strong class=\"privacy-policy-tutorial\">V\u0103n b\u1ea3n \u0111\u01b0\u1ee3c \u0111\u1ec1 xu\u1ea5t:\u00a0<\/strong>N\u1ebfu b\u1ea1n t\u1ea3i h\u00ecnh \u1ea3nh l\u00ean trang web, b\u1ea1n n\u00ean tr\u00e1nh t\u1ea3i l\u00ean h\u00ecnh \u1ea3nh c\u00f3 d\u1eef li\u1ec7u v\u1ecb tr\u00ed \u0111\u01b0\u1ee3c nh\u00fang (EXIF GPS) \u0111i k\u00e8m. Kh\u00e1ch truy c\u1eadp v\u00e0o trang web c\u00f3 th\u1ec3 t\u1ea3i xu\u1ed1ng v\u00e0 gi\u1ea3i n\u00e9n b\u1ea5t k\u1ef3 d\u1eef li\u1ec7u v\u1ecb tr\u00ed n\u00e0o t\u1eeb h\u00ecnh \u1ea3nh tr\u00ean trang web.<\/span><\/p>&#13;\n<h2 class=\"wp-block-heading\"><span style=\"font-family: tahoma, arial, helvetica, sans-serif;\">\u0645\u0644\u0641\u0627\u062a \u062a\u0639\u0631\u064a\u0641 \u0627\u0644\u0627\u0631\u062a\u0628\u0627\u0637<\/span><\/h2>&#13;\n<p><span style=\"font-family: tahoma, arial, helvetica, sans-serif;\"><strong class=\"privacy-policy-tutorial\">V\u0103n b\u1ea3n \u0111\u01b0\u1ee3c \u0111\u1ec1 xu\u1ea5t:\u00a0<\/strong>N\u1ebfu b\u1ea1n vi\u1ebft b\u00ecnh lu\u1eadn trong website, b\u1ea1n c\u00f3 th\u1ec3 cung c\u1ea5p c\u1ea7n nh\u1eadp t\u00ean, email \u0111\u1ecba ch\u1ec9 website trong cookie. C\u00e1c th\u00f4ng tin n\u00e0y nh\u1eb1m gi\u00fap b\u1ea1n kh\u00f4ng c\u1ea7n nh\u1eadp th\u00f4ng tin nhi\u1ec1u l\u1ea7n khi vi\u1ebft b\u00ecnh lu\u1eadn kh\u00e1c. Cookie n\u00e0y s\u1ebd \u0111\u01b0\u1ee3c l\u01b0u gi\u1eef trong m\u1ed9t n\u0103m.<\/span><\/p>&#13;\n<p><span style=\"font-family: tahoma, arial, helvetica, sans-serif;\">N\u1ebfu b\u1ea1n v\u00e0o trang \u0111\u0103ng nh\u1eadp, ch\u00fang t\u00f4i s\u1ebd thi\u1ebft l\u1eadp m\u1ed9t cookie t\u1ea1m th\u1eddi \u0111\u1ec3 x\u00e1c \u0111\u1ecbnh n\u1ebfu tr\u00ecnh duy\u1ec7t cho ph\u00e9p s\u1eed d\u1ee5ng cookie. Cookie n\u00e0y kh\u00f4ng bao g\u1ed3m th\u00f4ng tin c\u00e1 nh\u00e2n v\u00e0 s\u1ebd \u0111\u01b0\u1ee3c g\u1ee1 b\u1ecf khi b\u1ea1n \u0111\u00f3ng tr\u00ecnh duy\u1ec7t.<\/span><\/p>&#13;\n<p><span style=\"font-family: tahoma, arial, helvetica, sans-serif;\">Khi b\u1ea1n \u0111\u0103ng nh\u1eadp, ch\u00fang t\u00f4i s\u1ebd thi\u1ebft l\u1eadp m\u1ed9t v\u00e0i cookie \u0111\u1ec3 l\u01b0u th\u00f4ng tin \u0111\u0103ng nh\u1eadp v\u00e0 l\u1ef1a ch\u1ecdn hi\u1ec3n th\u1ecb. Th\u00f4ng tin \u0111\u0103ng nh\u1eadp g\u1ea7n nh\u1ea5t l\u01b0u trong hai ng\u00e0y, v\u00e0 l\u1ef1a ch\u1ecdn hi\u1ec3n th\u1ecb g\u1ea7n nh\u1ea5t l\u01b0u trong m\u1ed9t n\u0103m. N\u1ebfu b\u1ea1n ch\u1ecdn \u201cNh\u1edb t\u00f4i\u201d, th\u00f4ng tin \u0111\u0103ng nh\u1eadp s\u1ebd \u0111\u01b0\u1ee3c l\u01b0u trong hai tu\u1ea7n. N\u1ebfu b\u1ea1n tho\u00e1t t\u00e0i kho\u1ea3n, th\u00f4ng tin cookie \u0111\u0103ng nh\u1eadp s\u1ebd b\u1ecb xo\u00e1.<\/span><\/p>&#13;\n<p><span style=\"font-family: tahoma, arial, helvetica, sans-serif;\">N\u1ebfu b\u1ea1n s\u1eeda ho\u1eb7c c\u00f4ng b\u1ed1 b\u00e0i vi\u1ebft, m\u1ed9t b\u1ea3n cookie b\u1ed5 sung s\u1ebd \u0111\u01b0\u1ee3c l\u01b0u trong tr\u00ecnh duy\u1ec7t. Cookie n\u00e0y kh\u00f4ng ch\u1ee9a th\u00f4ng tin c\u00e1 nh\u00e2n v\u00e0 ch\u1ec9 \u0111\u01a1n gi\u1ea3n bao g\u1ed3m ID c\u1ee7a b\u00e0i vi\u1ebft b\u1ea1n \u0111\u00e3 s\u1eeda. N\u00f3 t\u1ef1 \u0111\u1ed9ng h\u1ebft h\u1ea1n sau 1 ng\u00e0y.<\/span><\/p>&#13;\n<h2 class=\"wp-block-heading\"><span style=\"font-family: tahoma, arial, helvetica, sans-serif;\">\u0627\u0644\u0645\u062d\u062a\u0648\u0649 \u0627\u0644\u0645\u0636\u0645\u0646 \u0645\u0646 \u0645\u0648\u0627\u0642\u0639 \u0623\u062e\u0631\u0649<\/span><\/h2>&#13;\n<p><span style=\"font-family: tahoma, arial, helvetica, sans-serif;\"><strong class=\"privacy-policy-tutorial\">V\u0103n b\u1ea3n \u0111\u01b0\u1ee3c \u0111\u1ec1 xu\u1ea5t:\u00a0<\/strong>C\u00e1c b\u00e0i vi\u1ebft tr\u00ean trang web n\u00e0y c\u00f3 th\u1ec3 bao g\u1ed3m n\u1ed9i dung \u0111\u01b0\u1ee3c nh\u00fang (v\u00ed d\u1ee5: video, h\u00ecnh \u1ea3nh, b\u00e0i vi\u1ebft, v.v.). N\u1ed9i dung \u0111\u01b0\u1ee3c nh\u00fang t\u1eeb c\u00e1c trang web kh\u00e1c ho\u1ea1t \u0111\u1ed9ng theo c\u00f9ng m\u1ed9t c\u00e1ch ch\u00ednh x\u00e1c nh\u01b0 khi kh\u00e1ch truy c\u1eadp \u0111\u00e3 truy c\u1eadp trang web kh\u00e1c.<\/span><\/p>&#13;\n<p><span style=\"font-family: tahoma, arial, helvetica, sans-serif;\">Nh\u1eefng website n\u00e0y c\u00f3 th\u1ec3 thu th\u1eadp d\u1eef li\u1ec7u v\u1ec1 b\u1ea1n, s\u1eed d\u1ee5ng cookie, nh\u00fang c\u00e1c tr\u00ecnh theo d\u00f5i c\u1ee7a b\u00ean th\u1ee9 ba v\u00e0 gi\u00e1m s\u00e1t t\u01b0\u01a1ng t\u00e1c c\u1ee7a b\u1ea1n v\u1edbi n\u1ed9i dung \u0111\u01b0\u1ee3c nh\u00fang \u0111\u00f3, bao g\u1ed3m theo d\u00f5i t\u01b0\u01a1ng t\u00e1c c\u1ee7a b\u1ea1n v\u1edbi n\u1ed9i dung \u0111\u01b0\u1ee3c nh\u00fang n\u1ebfu b\u1ea1n c\u00f3 t\u00e0i kho\u1ea3n v\u00e0 \u0111\u00e3 \u0111\u0103ng nh\u1eadp v\u00e0o trang web \u0111\u00f3.<\/span><\/p>&#13;\n<h2 class=\"wp-block-heading\"><span style=\"font-family: tahoma, arial, helvetica, sans-serif;\">\u0645\u0639 \u0645\u0646 \u0646\u0634\u0627\u0631\u0643 \u0628\u064a\u0627\u0646\u0627\u062a\u0643<\/span><\/h2>&#13;\n<p><span style=\"font-family: tahoma, arial, helvetica, sans-serif;\"><strong class=\"privacy-policy-tutorial\">V\u0103n b\u1ea3n \u0111\u01b0\u1ee3c \u0111\u1ec1 xu\u1ea5t:\u00a0<\/strong>If you request a password reset, your IP address will be included in the reset email.<\/span><\/p>&#13;\n<h2 class=\"wp-block-heading\"><span style=\"font-family: tahoma, arial, helvetica, sans-serif;\">\u0643\u0645 \u0645\u0646 \u0627\u0644\u0648\u0642\u062a \u062a\u0633\u062a\u0645\u0631 \u0628\u064a\u0627\u0646\u0627\u062a\u0643\u061f<\/span><\/h2>&#13;\n<p><span style=\"font-family: tahoma, arial, helvetica, sans-serif;\"><strong class=\"privacy-policy-tutorial\">V\u0103n b\u1ea3n \u0111\u01b0\u1ee3c \u0111\u1ec1 xu\u1ea5t:\u00a0<\/strong>N\u1ebfu b\u1ea1n \u0111\u1ec3 l\u1ea1i b\u00ecnh lu\u1eadn, b\u00ecnh lu\u1eadn v\u00e0 si\u00eau d\u1eef li\u1ec7u c\u1ee7a n\u00f3 s\u1ebd \u0111\u01b0\u1ee3c gi\u1eef l\u1ea1i v\u00f4 th\u1eddi h\u1ea1n. \u0110i\u1ec1u n\u00e0y l\u00e0 \u0111\u1ec3 ch\u00fang t\u00f4i c\u00f3 th\u1ec3 t\u1ef1 \u0111\u1ed9ng nh\u1eadn ra v\u00e0 ch\u1ea5p nh\u1eadn b\u1ea5t k\u1ef3 b\u00ecnh lu\u1eadn n\u00e0o thay v\u00ec gi\u1eef ch\u00fang trong khu v\u1ef1c \u0111\u1ee3i ki\u1ec3m duy\u1ec7t.<\/span><\/p>&#13;\n<p><span style=\"font-family: tahoma, arial, helvetica, sans-serif;\">\u0110\u1ed1i v\u1edbi ng\u01b0\u1eddi d\u00f9ng \u0111\u0103ng k\u00fd tr\u00ean trang web c\u1ee7a ch\u00fang t\u00f4i (n\u1ebfu c\u00f3), ch\u00fang t\u00f4i c\u0169ng l\u01b0u tr\u1eef th\u00f4ng tin c\u00e1 nh\u00e2n m\u00e0 h\u1ecd cung c\u1ea5p trong h\u1ed3 s\u01a1 ng\u01b0\u1eddi d\u00f9ng c\u1ee7a h\u1ecd. T\u1ea5t c\u1ea3 ng\u01b0\u1eddi d\u00f9ng c\u00f3 th\u1ec3 xem, ch\u1ec9nh s\u1eeda ho\u1eb7c x\u00f3a th\u00f4ng tin c\u00e1 nh\u00e2n c\u1ee7a h\u1ecd b\u1ea5t k\u1ef3 l\u00fac n\u00e0o (ngo\u1ea1i tr\u1eeb h\u1ecd kh\u00f4ng th\u1ec3 thay \u0111\u1ed5i t\u00ean ng\u01b0\u1eddi d\u00f9ng c\u1ee7a h\u1ecd). Qu\u1ea3n tr\u1ecb vi\u00ean trang web c\u0169ng c\u00f3 th\u1ec3 xem v\u00e0 ch\u1ec9nh s\u1eeda th\u00f4ng tin \u0111\u00f3.<\/span><\/p>&#13;\n<h2 class=\"wp-block-heading\"><span style=\"font-family: tahoma, arial, helvetica, sans-serif;\">\u0645\u0627 \u0647\u064a \u062d\u0642\u0648\u0642\u0643 \u0641\u064a\u0645\u0627 \u064a\u062a\u0639\u0644\u0642 \u0628\u0628\u064a\u0627\u0646\u0627\u062a\u0643\u061f<\/span><\/h2>&#13;\n<p><span style=\"font-family: tahoma, arial, helvetica, sans-serif;\"><strong class=\"privacy-policy-tutorial\">V\u0103n b\u1ea3n \u0111\u01b0\u1ee3c \u0111\u1ec1 xu\u1ea5t:\u00a0<\/strong>N\u1ebfu b\u1ea1n c\u00f3 t\u00e0i kho\u1ea3n tr\u00ean trang web n\u00e0y ho\u1eb7c \u0111\u00e3 \u0111\u1ec3 l\u1ea1i nh\u1eadn x\u00e9t, b\u1ea1n c\u00f3 th\u1ec3 y\u00eau c\u1ea7u nh\u1eadn t\u1ec7p xu\u1ea5t d\u1eef li\u1ec7u c\u00e1 nh\u00e2n m\u00e0 ch\u00fang t\u00f4i l\u01b0u gi\u1eef v\u1ec1 b\u1ea1n, bao g\u1ed3m m\u1ecdi d\u1eef li\u1ec7u b\u1ea1n \u0111\u00e3 cung c\u1ea5p cho ch\u00fang t\u00f4i. B\u1ea1n c\u0169ng c\u00f3 th\u1ec3 y\u00eau c\u1ea7u ch\u00fang t\u00f4i x\u00f3a m\u1ecdi d\u1eef li\u1ec7u c\u00e1 nh\u00e2n m\u00e0 ch\u00fang t\u00f4i l\u01b0u gi\u1eef v\u1ec1 b\u1ea1n. \u0110i\u1ec1u n\u00e0y kh\u00f4ng bao g\u1ed3m b\u1ea5t k\u1ef3 d\u1eef li\u1ec7u n\u00e0o ch\u00fang t\u00f4i c\u00f3 ngh\u0129a v\u1ee5 gi\u1eef cho c\u00e1c m\u1ee5c \u0111\u00edch h\u00e0nh ch\u00ednh, ph\u00e1p l\u00fd ho\u1eb7c b\u1ea3o m\u1eadt.<\/span><\/p>&#13;\n<h2 class=\"wp-block-heading\"><span style=\"font-family: tahoma, arial, helvetica, sans-serif;\">\u0623\u064a\u0646 \u064a\u062a\u0645 \u0625\u0631\u0633\u0627\u0644 \u0628\u064a\u0627\u0646\u0627\u062a\u0643\u061f<\/span><\/h2>&#13;\n<p><span style=\"font-family: tahoma, arial, helvetica, sans-serif;\"><strong class=\"privacy-policy-tutorial\">V\u0103n b\u1ea3n \u0111\u01b0\u1ee3c \u0111\u1ec1 xu\u1ea5t:\u00a0<\/strong>C\u00e1c b\u00ecnh lu\u1eadn c\u1ee7a kh\u00e1ch (kh\u00f4ng ph\u1ea3i l\u00e0 th\u00e0nh vi\u00ean) c\u00f3 th\u1ec3 \u0111\u01b0\u1ee3c ki\u1ec3m tra th\u00f4ng qua d\u1ecbch v\u1ee5 t\u1ef1 \u0111\u1ed9ng ph\u00e1t hi\u1ec7n spam.<\/span><\/p>&#13;\n<p class=\"wp-block-heading\"><span style=\"font-family: tahoma, arial, helvetica, sans-serif;\">Th\u00f4ng tin li\u00ean h\u1ec7 c\u1ee7a b\u1ea1n<\/span><\/p>&#13;\n<p class=\"wp-block-heading\"><span style=\"font-family: tahoma, arial, helvetica, sans-serif;\">Th\u00f4ng tin b\u1ed5 sung<\/span><\/p>&#13;\n<p class=\"wp-block-heading\"><span style=\"font-family: tahoma, arial, helvetica, sans-serif;\">C\u00e1ch ch\u00fang t\u00f4i b\u1ea3o v\u1ec7 d\u1eef li\u1ec7u c\u1ee7a b\u1ea1n<\/span><\/p>&#13;\n<p class=\"wp-block-heading\"><span style=\"font-family: tahoma, arial, helvetica, sans-serif;\">C\u00e1c qu\u00e1 tr\u00ecnh ti\u1ebft l\u1ed9 d\u1eef li\u1ec7u m\u00e0 ch\u00fang t\u00f4i th\u1ef1c hi\u1ec7n<\/span><\/p>&#13;\n<p class=\"wp-block-heading\"><span style=\"font-family: tahoma, arial, helvetica, sans-serif;\">Nh\u1eefng b\u00ean th\u1ee9 ba ch\u00fang t\u00f4i nh\u1eadn d\u1eef li\u1ec7u t\u1eeb \u0111\u00f3<\/span><\/p>&#13;\n<p class=\"wp-block-heading\"><span style=\"font-family: tahoma, arial, helvetica, sans-serif;\">Vi\u1ec7c quy\u1ebft \u0111\u1ecbnh v\u00e0\/ho\u1eb7c thu th\u1eadp th\u00f4ng tin t\u1ef1 \u0111\u1ed9ng m\u00e0 ch\u00fang t\u00f4i \u00e1p d\u1ee5ng v\u1edbi d\u1eef li\u1ec7u ng\u01b0\u1eddi d\u00f9ng<\/span><\/p>&#13;\n<p class=\"wp-block-heading\"><span style=\"font-family: tahoma, arial, helvetica, sans-serif;\">C\u00e1c y\u00eau c\u1ea7u c\u00f4ng b\u1ed1 th\u00f4ng tin \u0111\u01b0\u1ee3c qu\u1ea3n l\u00fd<\/span><\/p>&#13;\n<p><span style=\"font-family: tahoma, arial, helvetica, sans-serif;\"><\/span><\/p><p><\/span><\/p>\n","protected":false},"excerpt":{"rendered":"<p>&#13; \u0645\u0646 \u0646\u062d\u0646 &#13; \u0110\u1ecba ch\u1ec9 website l\u00e0: https:\/\/atnewtech.vn. &#13; 1. \u0627\u0644\u063a\u0631\u0636 \u0648\u0646\u0637\u0627\u0642 \u062c\u0645\u0639 \u0627\u0644\u0645\u0639\u0644\u0648\u0645\u0627\u062a: &#13; \u2013 Xin ch\u00e2n th\u00e0nh c\u1ea3m \u01a1n qu\u00fd kh\u00e1ch h\u00e0ng \u0111\u00e3 truy c\u1eadp v\u00e0o WEBSITE: https:\/\/atnewtech.vn\/ tr\u1ef1c thu\u1ed9c C\u00d4NG TY TNHH CNM An T\u00e2m. &#13; \u2013 Ch\u00fang t\u00f4i r\u1ea5t t\u00f4n tr\u1ecdng v\u00e0 cam k\u1ebft s\u1ebd b\u1ea3o m\u1eadt nh\u1eefng th\u00f4ng tin&#8230;<\/p>\n","protected":false},"author":1,"featured_media":0,"parent":0,"menu_order":0,"comment_status":"closed","ping_status":"open","template":"","meta":{"_acf_changed":false,"footnotes":""},"class_list":["post-1865","page","type-page","status-publish","hentry"],"acf":[],"_links":{"self":[{"href":"https:\/\/atnewtech.vn\/ar\/wp-json\/wp\/v2\/pages\/1865","targetHints":{"allow":["GET"]}}],"collection":[{"href":"https:\/\/atnewtech.vn\/ar\/wp-json\/wp\/v2\/pages"}],"about":[{"href":"https:\/\/atnewtech.vn\/ar\/wp-json\/wp\/v2\/types\/page"}],"author":[{"embeddable":true,"href":"https:\/\/atnewtech.vn\/ar\/wp-json\/wp\/v2\/users\/1"}],"replies":[{"embeddable":true,"href":"https:\/\/atnewtech.vn\/ar\/wp-json\/wp\/v2\/comments?post=1865"}],"version-history":[{"count":2,"href":"https:\/\/atnewtech.vn\/ar\/wp-json\/wp\/v2\/pages\/1865\/revisions"}],"predecessor-version":[{"id":4803,"href":"https:\/\/atnewtech.vn\/ar\/wp-json\/wp\/v2\/pages\/1865\/revisions\/4803"}],"wp:attachment":[{"href":"https:\/\/atnewtech.vn\/ar\/wp-json\/wp\/v2\/media?parent=1865"}],"curies":[{"name":"wp","href":"https:\/\/api.w.org\/{rel}","templated":true}]}}